{"id":817,"date":"2022-03-23T23:20:36","date_gmt":"2022-03-23T23:20:36","guid":{"rendered":"https:\/\/capsulamusica.com\/inicio\/"},"modified":"2024-03-04T11:09:41","modified_gmt":"2024-03-04T11:09:41","slug":"inicio","status":"publish","type":"page","link":"https:\/\/capsulamusica.com\/ca\/","title":{"rendered":"Inici"},"content":{"rendered":"<p>Passi\u00f3 per la m\u00fasica.<\/p>\n<h1>La C\u00e0psula a Sant Boi de Llobregat<\/h1>\n<p>Benvinguts a La C\u00e0psula, l&#8217;escola de m\u00fasica de refer\u00e8ncia a Sant Boi de Llobregat. El nostre objectiu \u00e9s despertar i cultivar la passi\u00f3 per la m\u00fasica en cadascun dels nostres estudiants, independentment de la seva edat o nivell d&#8217;habilitat.<\/p>\n<figure class='gallery-item'>\n\t\t\t\t<a data-elementor-open-lightbox=\"yes\" data-elementor-lightbox-slideshow=\"e13edbe\" data-elementor-lightbox-title=\"IMG_20220211_193301\" data-e-action-hash=\"#elementor-action%3Aaction%3Dlightbox%26settings%3DeyJpZCI6Njk1LCJ1cmwiOiJodHRwczpcL1wvY2Fwc3VsYW11c2ljYS5jb21cL3dwLWNvbnRlbnRcL3VwbG9hZHNcLzIwMjRcLzAyXC9JTUdfMjAyMjAyMTFfMTkzMzAxLXNjYWxlZC5qcGciLCJzbGlkZXNob3ciOiJlMTNlZGJlIn0%3D\" href='https:\/\/capsulamusica.com\/wp-content\/uploads\/2024\/02\/IMG_20220211_193301-scaled.jpg'><img fetchpriority=\"high\" width=\"400\" height=\"400\" src=\"https:\/\/capsulamusica.com\/wp-content\/uploads\/2024\/02\/IMG_20220211_193301-400x400.jpg\" alt=\"\" decoding=\"async\" srcset=\"https:\/\/capsulamusica.com\/wp-content\/uploads\/2024\/02\/IMG_20220211_193301-400x400.jpg 400w, https:\/\/capsulamusica.com\/wp-content\/uploads\/2024\/02\/IMG_20220211_193301-150x150.jpg 150w, https:\/\/capsulamusica.com\/wp-content\/uploads\/2024\/02\/IMG_20220211_193301-230x230.jpg 230w, https:\/\/capsulamusica.com\/wp-content\/uploads\/2024\/02\/IMG_20220211_193301-640x640.jpg 640w\" sizes=\"(max-width: 400px) 100vw, 400px\" \/><\/a><br \/>\n\t\t\t<\/figure>\n<figure class='gallery-item'>\n\t\t\t\t<a data-elementor-open-lightbox=\"yes\" data-elementor-lightbox-slideshow=\"e13edbe\" data-elementor-lightbox-title=\"IMG_20220226_102446\" data-e-action-hash=\"#elementor-action%3Aaction%3Dlightbox%26settings%3DeyJpZCI6Njk4LCJ1cmwiOiJodHRwczpcL1wvY2Fwc3VsYW11c2ljYS5jb21cL3dwLWNvbnRlbnRcL3VwbG9hZHNcLzIwMjRcLzAyXC9JTUdfMjAyMjAyMjZfMTAyNDQ2LXNjYWxlZC5qcGciLCJzbGlkZXNob3ciOiJlMTNlZGJlIn0%3D\" href='https:\/\/capsulamusica.com\/wp-content\/uploads\/2024\/02\/IMG_20220226_102446-scaled.jpg'><img width=\"400\" height=\"400\" src=\"https:\/\/capsulamusica.com\/wp-content\/uploads\/2024\/02\/IMG_20220226_102446-400x400.jpg\" alt=\"\" decoding=\"async\" srcset=\"https:\/\/capsulamusica.com\/wp-content\/uploads\/2024\/02\/IMG_20220226_102446-400x400.jpg 400w, https:\/\/capsulamusica.com\/wp-content\/uploads\/2024\/02\/IMG_20220226_102446-150x150.jpg 150w, https:\/\/capsulamusica.com\/wp-content\/uploads\/2024\/02\/IMG_20220226_102446-230x230.jpg 230w, https:\/\/capsulamusica.com\/wp-content\/uploads\/2024\/02\/IMG_20220226_102446-640x640.jpg 640w\" sizes=\"(max-width: 400px) 100vw, 400px\" \/><\/a><br \/>\n\t\t\t<\/figure>\n<figure class='gallery-item'>\n\t\t\t\t<a data-elementor-open-lightbox=\"yes\" data-elementor-lightbox-slideshow=\"e13edbe\" data-elementor-lightbox-title=\"IMG_20221003_132426\" data-e-action-hash=\"#elementor-action%3Aaction%3Dlightbox%26settings%3DeyJpZCI6NzAyLCJ1cmwiOiJodHRwczpcL1wvY2Fwc3VsYW11c2ljYS5jb21cL3dwLWNvbnRlbnRcL3VwbG9hZHNcLzIwMjRcLzAyXC9JTUdfMjAyMjEwMDNfMTMyNDI2LXNjYWxlZC5qcGciLCJzbGlkZXNob3ciOiJlMTNlZGJlIn0%3D\" href='https:\/\/capsulamusica.com\/wp-content\/uploads\/2024\/02\/IMG_20221003_132426-scaled.jpg'><img width=\"400\" height=\"400\" src=\"https:\/\/capsulamusica.com\/wp-content\/uploads\/2024\/02\/IMG_20221003_132426-400x400.jpg\" alt=\"\" decoding=\"async\" srcset=\"https:\/\/capsulamusica.com\/wp-content\/uploads\/2024\/02\/IMG_20221003_132426-400x400.jpg 400w, https:\/\/capsulamusica.com\/wp-content\/uploads\/2024\/02\/IMG_20221003_132426-150x150.jpg 150w, https:\/\/capsulamusica.com\/wp-content\/uploads\/2024\/02\/IMG_20221003_132426-230x230.jpg 230w, https:\/\/capsulamusica.com\/wp-content\/uploads\/2024\/02\/IMG_20221003_132426-640x640.jpg 640w\" sizes=\"(max-width: 400px) 100vw, 400px\" \/><\/a><br \/>\n\t\t\t<\/figure>\n<h2>Centre de m\u00fasica<\/h2>\n<p>A La C\u00e0psula, no som nom\u00e9s una escola de m\u00fasica, som un centre de m\u00fasica integral. Oferim una \u00e0mplia gamma de serveis musicals a Sant Boi de Llobregat, des de classes d&#8217;instruments i cant fins a tallers de composici\u00f3 i producci\u00f3 musical.<\/p>\n<p>Els nostres professors, tots ells m\u00fasics professionals amb anys d&#8217;experi\u00e8ncia, estan dedicats a ajudar als nostres estudiants a assolir els seus objectius musicals.<\/p>\n<p>Tant si vols aprendre a tocar el piano, millorar les teves habilitats de cant, o simplement gaudir de la m\u00fasica en un ambient amigable i acollidor, a la nostra escola musical oferim un enfocament personalitzat per a cadascun.<\/p>\n<p>La C\u00e0psula \u00e9s un espai on els amants de la m\u00fasica poden venir a aprendre, cr\u00e9ixer i compartir la seva passi\u00f3. Aqu\u00ed, no nom\u00e9s t&#8217;ensenyem a tocar un instrument, sin\u00f3 que t&#8217;ajudem a entendre i apreciar la m\u00fasica en totes les seves formes.<\/p>\n<p>Creiem que tocar un instrument t\u00e9 el poder de transformar vides. Ens esforcem per oferir una educaci\u00f3 musical de la m\u00e9s alta qualitat, en un ambient que fomenta la creativitat, l&#8217;expressi\u00f3 personal i l&#8217;amor per l&#8217;art.<\/p>\n<p>Aix\u00ed que, si est\u00e0s buscant un centre de m\u00fasica a Sant Boi de Llobregat, vine a con\u00e8ixer-nos!<\/p>\n<p>\t\t\t\t\t\t\t\t\t\t\t\t\t\t\t<img loading=\"lazy\" decoding=\"async\" width=\"1024\" height=\"992\" src=\"https:\/\/capsulamusica.com\/wp-content\/uploads\/2023\/10\/la-capsula-foto-1024x992.webp\" alt=\"Centro de m\u00fasica en Sant Boi de Llobregat\" srcset=\"https:\/\/capsulamusica.com\/wp-content\/uploads\/2023\/10\/la-capsula-foto-1024x992.webp 1024w, https:\/\/capsulamusica.com\/wp-content\/uploads\/2023\/10\/la-capsula-foto-300x290.webp 300w, https:\/\/capsulamusica.com\/wp-content\/uploads\/2023\/10\/la-capsula-foto-768x744.webp 768w, https:\/\/capsulamusica.com\/wp-content\/uploads\/2023\/10\/la-capsula-foto-600x581.webp 600w, https:\/\/capsulamusica.com\/wp-content\/uploads\/2023\/10\/la-capsula-foto.webp 1229w\" sizes=\"(max-width: 1024px) 100vw, 1024px\" \/>\t\t\t\t\t\t\t\t\t\t\t\t\t\t\t<\/p>\n<h1>\u00daltimes not\u00edcies<\/h1>\n<section data-id=\"5293c7e\" data-element_type=\"section\" data-settings=\"{&quot;jet_parallax_layout_list&quot;:[],&quot;background_background&quot;:&quot;classic&quot;}\">\n\t\t<\/section>\n<section data-id=\"ff70385\" data-element_type=\"section\" data-settings=\"{&quot;jet_parallax_layout_list&quot;:[]}\">\n\t\t\tDescubre nuestros cursos de Invierno<br \/>\n\t\t\tDolorem laborum architecto officia. Aut repellendus autem non.<br \/>\n\t\t<\/section>\n<p>\t\t<a href=\"https:\/\/capsulamusica.com\/2023\/12\/12\/maxime-qui-quidem-assumenda-excepturi\/\"><\/a><\/p>\n","protected":false},"excerpt":{"rendered":"<p>Passi\u00f3 per la m\u00fasica. La C\u00e0psula a Sant Boi de Llobregat Benvinguts a La C\u00e0psula, l&#8217;escola de m\u00fasica de refer\u00e8ncia a Sant Boi de Llobregat. El nostre objectiu \u00e9s despertar i cultivar la passi\u00f3 per la m\u00fasica en cadascun dels nostres estudiants, independentment de la seva edat o nivell d&#8217;habilitat. Centre de m\u00fasica A La [&hellip;]<\/p>\n","protected":false},"author":1,"featured_media":0,"parent":0,"menu_order":0,"comment_status":"closed","ping_status":"closed","template":"elementor_header_footer","meta":{"footnotes":""},"class_list":["post-817","page","type-page","status-publish","hentry"],"yoast_head":"<!-- This site is optimized with the Yoast SEO plugin v27.3 - https:\/\/yoast.com\/product\/yoast-seo-wordpress\/ -->\n<title>La C\u00e0psula a Sant Boi de Llobregat | La C\u00e0psula<\/title>\n<meta name=\"description\" content=\"Descobreix La C\u00e0psula, el teu centre de m\u00fasica a Sant Boi de Llobregat. Oferim classes de m\u00fasica personalitzades i varietat de serveis musicals!\" \/>\n<meta name=\"robots\" content=\"index, follow, max-snippet:-1, max-image-preview:large, max-video-preview:-1\" \/>\n<link rel=\"canonical\" href=\"https:\/\/capsulamusica.com\/ca\/\" \/>\n<meta property=\"og:locale\" content=\"ca_ES\" \/>\n<meta property=\"og:type\" content=\"article\" \/>\n<meta property=\"og:title\" content=\"La C\u00e0psula a Sant Boi de Llobregat | La C\u00e0psula\" \/>\n<meta property=\"og:description\" content=\"Descobreix La C\u00e0psula, el teu centre de m\u00fasica a Sant Boi de Llobregat. Oferim classes de m\u00fasica personalitzades i varietat de serveis musicals!\" \/>\n<meta property=\"og:url\" content=\"https:\/\/capsulamusica.com\/ca\/\" \/>\n<meta property=\"og:site_name\" content=\"La C\u00e1psula\" \/>\n<meta property=\"article:modified_time\" content=\"2024-03-04T11:09:41+00:00\" \/>\n<meta property=\"og:image\" content=\"https:\/\/capsulamusica.com\/wp-content\/uploads\/2024\/02\/IMG_20220211_193301-400x400.jpg\" \/>\n<meta name=\"twitter:card\" content=\"summary_large_image\" \/>\n<meta name=\"twitter:label1\" content=\"Temps estimat de lectura\" \/>\n\t<meta name=\"twitter:data1\" content=\"1 minut\" \/>\n<script type=\"application\/ld+json\" class=\"yoast-schema-graph\">{\"@context\":\"https:\\\/\\\/schema.org\",\"@graph\":[{\"@type\":\"WebPage\",\"@id\":\"https:\\\/\\\/capsulamusica.com\\\/ca\\\/\",\"url\":\"https:\\\/\\\/capsulamusica.com\\\/ca\\\/\",\"name\":\"La C\u00e0psula a Sant Boi de Llobregat | La C\u00e0psula\",\"isPartOf\":{\"@id\":\"https:\\\/\\\/capsulamusica.com\\\/ca\\\/#website\"},\"primaryImageOfPage\":{\"@id\":\"https:\\\/\\\/capsulamusica.com\\\/ca\\\/#primaryimage\"},\"image\":{\"@id\":\"https:\\\/\\\/capsulamusica.com\\\/ca\\\/#primaryimage\"},\"thumbnailUrl\":\"https:\\\/\\\/capsulamusica.com\\\/wp-content\\\/uploads\\\/2024\\\/02\\\/IMG_20220211_193301-400x400.jpg\",\"datePublished\":\"2022-03-23T23:20:36+00:00\",\"dateModified\":\"2024-03-04T11:09:41+00:00\",\"description\":\"Descobreix La C\u00e0psula, el teu centre de m\u00fasica a Sant Boi de Llobregat. Oferim classes de m\u00fasica personalitzades i varietat de serveis musicals!\",\"breadcrumb\":{\"@id\":\"https:\\\/\\\/capsulamusica.com\\\/ca\\\/#breadcrumb\"},\"inLanguage\":\"ca\",\"potentialAction\":[{\"@type\":\"ReadAction\",\"target\":[\"https:\\\/\\\/capsulamusica.com\\\/ca\\\/\"]}]},{\"@type\":\"ImageObject\",\"inLanguage\":\"ca\",\"@id\":\"https:\\\/\\\/capsulamusica.com\\\/ca\\\/#primaryimage\",\"url\":\"https:\\\/\\\/capsulamusica.com\\\/wp-content\\\/uploads\\\/2024\\\/02\\\/IMG_20220211_193301-400x400.jpg\",\"contentUrl\":\"https:\\\/\\\/capsulamusica.com\\\/wp-content\\\/uploads\\\/2024\\\/02\\\/IMG_20220211_193301-400x400.jpg\"},{\"@type\":\"BreadcrumbList\",\"@id\":\"https:\\\/\\\/capsulamusica.com\\\/ca\\\/#breadcrumb\",\"itemListElement\":[{\"@type\":\"ListItem\",\"position\":1,\"name\":\"Portada\",\"item\":\"https:\\\/\\\/capsulamusica.com\\\/ca\\\/\"},{\"@type\":\"ListItem\",\"position\":2,\"name\":\"Inici\"}]},{\"@type\":\"WebSite\",\"@id\":\"https:\\\/\\\/capsulamusica.com\\\/ca\\\/#website\",\"url\":\"https:\\\/\\\/capsulamusica.com\\\/ca\\\/\",\"name\":\"La C\u00e1psula\",\"description\":\"La C\u00e1psula en Sant Boi de Llobregat\",\"potentialAction\":[{\"@type\":\"SearchAction\",\"target\":{\"@type\":\"EntryPoint\",\"urlTemplate\":\"https:\\\/\\\/capsulamusica.com\\\/ca\\\/?s={search_term_string}\"},\"query-input\":{\"@type\":\"PropertyValueSpecification\",\"valueRequired\":true,\"valueName\":\"search_term_string\"}}],\"inLanguage\":\"ca\"}]}<\/script>\n<!-- \/ Yoast SEO plugin. -->","yoast_head_json":{"title":"La C\u00e0psula a Sant Boi de Llobregat | La C\u00e0psula","description":"Descobreix La C\u00e0psula, el teu centre de m\u00fasica a Sant Boi de Llobregat. Oferim classes de m\u00fasica personalitzades i varietat de serveis musicals!","robots":{"index":"index","follow":"follow","max-snippet":"max-snippet:-1","max-image-preview":"max-image-preview:large","max-video-preview":"max-video-preview:-1"},"canonical":"https:\/\/capsulamusica.com\/ca\/","og_locale":"ca_ES","og_type":"article","og_title":"La C\u00e0psula a Sant Boi de Llobregat | La C\u00e0psula","og_description":"Descobreix La C\u00e0psula, el teu centre de m\u00fasica a Sant Boi de Llobregat. Oferim classes de m\u00fasica personalitzades i varietat de serveis musicals!","og_url":"https:\/\/capsulamusica.com\/ca\/","og_site_name":"La C\u00e1psula","article_modified_time":"2024-03-04T11:09:41+00:00","og_image":[{"url":"https:\/\/capsulamusica.com\/wp-content\/uploads\/2024\/02\/IMG_20220211_193301-400x400.jpg","type":"","width":"","height":""}],"twitter_card":"summary_large_image","twitter_misc":{"Temps estimat de lectura":"1 minut"},"schema":{"@context":"https:\/\/schema.org","@graph":[{"@type":"WebPage","@id":"https:\/\/capsulamusica.com\/ca\/","url":"https:\/\/capsulamusica.com\/ca\/","name":"La C\u00e0psula a Sant Boi de Llobregat | La C\u00e0psula","isPartOf":{"@id":"https:\/\/capsulamusica.com\/ca\/#website"},"primaryImageOfPage":{"@id":"https:\/\/capsulamusica.com\/ca\/#primaryimage"},"image":{"@id":"https:\/\/capsulamusica.com\/ca\/#primaryimage"},"thumbnailUrl":"https:\/\/capsulamusica.com\/wp-content\/uploads\/2024\/02\/IMG_20220211_193301-400x400.jpg","datePublished":"2022-03-23T23:20:36+00:00","dateModified":"2024-03-04T11:09:41+00:00","description":"Descobreix La C\u00e0psula, el teu centre de m\u00fasica a Sant Boi de Llobregat. Oferim classes de m\u00fasica personalitzades i varietat de serveis musicals!","breadcrumb":{"@id":"https:\/\/capsulamusica.com\/ca\/#breadcrumb"},"inLanguage":"ca","potentialAction":[{"@type":"ReadAction","target":["https:\/\/capsulamusica.com\/ca\/"]}]},{"@type":"ImageObject","inLanguage":"ca","@id":"https:\/\/capsulamusica.com\/ca\/#primaryimage","url":"https:\/\/capsulamusica.com\/wp-content\/uploads\/2024\/02\/IMG_20220211_193301-400x400.jpg","contentUrl":"https:\/\/capsulamusica.com\/wp-content\/uploads\/2024\/02\/IMG_20220211_193301-400x400.jpg"},{"@type":"BreadcrumbList","@id":"https:\/\/capsulamusica.com\/ca\/#breadcrumb","itemListElement":[{"@type":"ListItem","position":1,"name":"Portada","item":"https:\/\/capsulamusica.com\/ca\/"},{"@type":"ListItem","position":2,"name":"Inici"}]},{"@type":"WebSite","@id":"https:\/\/capsulamusica.com\/ca\/#website","url":"https:\/\/capsulamusica.com\/ca\/","name":"La C\u00e1psula","description":"La C\u00e1psula en Sant Boi de Llobregat","potentialAction":[{"@type":"SearchAction","target":{"@type":"EntryPoint","urlTemplate":"https:\/\/capsulamusica.com\/ca\/?s={search_term_string}"},"query-input":{"@type":"PropertyValueSpecification","valueRequired":true,"valueName":"search_term_string"}}],"inLanguage":"ca"}]}},"_links":{"self":[{"href":"https:\/\/capsulamusica.com\/ca\/wp-json\/wp\/v2\/pages\/817","targetHints":{"allow":["GET"]}}],"collection":[{"href":"https:\/\/capsulamusica.com\/ca\/wp-json\/wp\/v2\/pages"}],"about":[{"href":"https:\/\/capsulamusica.com\/ca\/wp-json\/wp\/v2\/types\/page"}],"author":[{"embeddable":true,"href":"https:\/\/capsulamusica.com\/ca\/wp-json\/wp\/v2\/users\/1"}],"replies":[{"embeddable":true,"href":"https:\/\/capsulamusica.com\/ca\/wp-json\/wp\/v2\/comments?post=817"}],"version-history":[{"count":9,"href":"https:\/\/capsulamusica.com\/ca\/wp-json\/wp\/v2\/pages\/817\/revisions"}],"predecessor-version":[{"id":844,"href":"https:\/\/capsulamusica.com\/ca\/wp-json\/wp\/v2\/pages\/817\/revisions\/844"}],"wp:attachment":[{"href":"https:\/\/capsulamusica.com\/ca\/wp-json\/wp\/v2\/media?parent=817"}],"curies":[{"name":"wp","href":"https:\/\/api.w.org\/{rel}","templated":true}]}}