{"id":833,"date":"2023-10-03T13:18:08","date_gmt":"2023-10-03T13:18:08","guid":{"rendered":"https:\/\/capsulamusica.com\/serveis-musicals\/"},"modified":"2024-03-04T10:35:44","modified_gmt":"2024-03-04T10:35:44","slug":"serveis-musicals","status":"publish","type":"page","link":"https:\/\/capsulamusica.com\/ca\/serveis-musicals\/","title":{"rendered":"Serveis musicals"},"content":{"rendered":"\t\t<div data-elementor-type=\"wp-page\" data-elementor-id=\"833\" class=\"elementor elementor-833 elementor-424\">\n\t\t\t\t\t\t<section class=\"elementor-section elementor-top-section elementor-element elementor-element-9d3a07f elementor-section-height-min-height elementor-section-boxed elementor-section-height-default elementor-section-items-middle\" data-id=\"9d3a07f\" data-element_type=\"section\" data-settings=\"{&quot;jet_parallax_layout_list&quot;:[],&quot;background_background&quot;:&quot;classic&quot;}\">\n\t\t\t\t\t\t\t<div class=\"elementor-background-overlay\"><\/div>\n\t\t\t\t\t\t\t<div class=\"elementor-container elementor-column-gap-default\">\n\t\t\t\t\t<div class=\"elementor-column elementor-col-100 elementor-top-column elementor-element elementor-element-e47b3d4\" data-id=\"e47b3d4\" data-element_type=\"column\">\n\t\t\t<div class=\"elementor-widget-wrap elementor-element-populated\">\n\t\t\t\t\t\t<div class=\"elementor-element elementor-element-4fcb946 elementor-widget elementor-widget-heading\" data-id=\"4fcb946\" data-element_type=\"widget\" data-widget_type=\"heading.default\">\n\t\t\t\t<div class=\"elementor-widget-container\">\n\t\t\t<style>\/*! elementor - v3.21.0 - 22-05-2024 *\/\n.elementor-heading-title{padding:0;margin:0;line-height:1}.elementor-widget-heading .elementor-heading-title[class*=elementor-size-]>a{color:inherit;font-size:inherit;line-height:inherit}.elementor-widget-heading .elementor-heading-title.elementor-size-small{font-size:15px}.elementor-widget-heading .elementor-heading-title.elementor-size-medium{font-size:19px}.elementor-widget-heading .elementor-heading-title.elementor-size-large{font-size:29px}.elementor-widget-heading .elementor-heading-title.elementor-size-xl{font-size:39px}.elementor-widget-heading .elementor-heading-title.elementor-size-xxl{font-size:59px}<\/style><p class=\"elementor-heading-title elementor-size-default\">L'escola on la m\u00fasica pren vida<\/p>\t\t<\/div>\n\t\t\t\t<\/div>\n\t\t\t\t\t<\/div>\n\t\t<\/div>\n\t\t\t\t\t<\/div>\n\t\t<\/section>\n\t\t\t\t<section class=\"elementor-section elementor-top-section elementor-element elementor-element-7021174 elementor-section-stretched elementor-section-boxed elementor-section-height-default elementor-section-height-default\" data-id=\"7021174\" data-element_type=\"section\" data-settings=\"{&quot;stretch_section&quot;:&quot;section-stretched&quot;,&quot;jet_parallax_layout_list&quot;:[],&quot;background_background&quot;:&quot;classic&quot;}\">\n\t\t\t\t\t\t<div class=\"elementor-container elementor-column-gap-no\">\n\t\t\t\t\t<div class=\"elementor-column elementor-col-100 elementor-top-column elementor-element elementor-element-45f7cbb\" data-id=\"45f7cbb\" data-element_type=\"column\">\n\t\t\t<div class=\"elementor-widget-wrap elementor-element-populated\">\n\t\t\t\t\t\t<div class=\"elementor-element elementor-element-cbb2f9f elementor-widget elementor-widget-heading\" data-id=\"cbb2f9f\" data-element_type=\"widget\" data-widget_type=\"heading.default\">\n\t\t\t\t<div class=\"elementor-widget-container\">\n\t\t\t<h1 class=\"elementor-heading-title elementor-size-default\">Sales d'assaig a Sant Boi de Llobregat<\/h1>\t\t<\/div>\n\t\t\t\t<\/div>\n\t\t\t\t<div class=\"elementor-element elementor-element-f819d4e elementor-widget elementor-widget-text-editor\" data-id=\"f819d4e\" data-element_type=\"widget\" data-widget_type=\"text-editor.default\">\n\t\t\t\t<div class=\"elementor-widget-container\">\n\t\t\t<style>\/*! elementor - v3.21.0 - 22-05-2024 *\/\n.elementor-widget-text-editor.elementor-drop-cap-view-stacked .elementor-drop-cap{background-color:#69727d;color:#fff}.elementor-widget-text-editor.elementor-drop-cap-view-framed .elementor-drop-cap{color:#69727d;border:3px solid;background-color:transparent}.elementor-widget-text-editor:not(.elementor-drop-cap-view-default) .elementor-drop-cap{margin-top:8px}.elementor-widget-text-editor:not(.elementor-drop-cap-view-default) .elementor-drop-cap-letter{width:1em;height:1em}.elementor-widget-text-editor .elementor-drop-cap{float:left;text-align:center;line-height:1;font-size:50px}.elementor-widget-text-editor .elementor-drop-cap-letter{display:inline-block}<\/style>\t\t\t\t<p>Benvinguts a La C\u00e0psula, l&#8217;escola de m\u00fasica que redefineix els serveis musicals a Sant Boi de Llobregat. El nostre objectiu \u00e9s proporcionar una experi\u00e8ncia musical integral, cobrint totes les fases del proc\u00e9s musical, des de l&#8217;aprenentatge de l&#8217;instrument fins a la creaci\u00f3, l&#8217;assaig, la gravaci\u00f3 en estudi i l&#8217;exposici\u00f3 de l&#8217;obra en directe.<\/p>\n<p>Entenem que cada estudiant t\u00e9 objectius propis. Alguns busquen una sortida creativa, altres desitgen desenvolupar una carrera professional en la m\u00fasica, i molts simplement volen gaudir del plaer de tocar un instrument. Per aix\u00f2, en el nostre centre, oferim una gran varietat de serveis musicals. .<\/p>\n<p>Entre aquests serveis incloem lli\u00e7ons d&#8217;instruments per a totes les edats i nivells, des de principiants fins a m\u00fasics avan\u00e7ats.<\/p>\n<p>Classes de piano, guitarra, viol\u00ed, cant i molts altres instruments. A m\u00e9s, comptem amb programes de formaci\u00f3 musical que inclouen teoria musical, composici\u00f3 i producci\u00f3 musical.<\/p>\n\t\t\t\t\t\t<\/div>\n\t\t\t\t<\/div>\n\t\t\t\t\t<\/div>\n\t\t<\/div>\n\t\t\t\t\t<\/div>\n\t\t<\/section>\n\t\t\t\t<section class=\"elementor-section elementor-top-section elementor-element elementor-element-2b18540 elementor-section-stretched elementor-section-boxed elementor-section-height-default elementor-section-height-default\" data-id=\"2b18540\" data-element_type=\"section\" data-settings=\"{&quot;stretch_section&quot;:&quot;section-stretched&quot;,&quot;jet_parallax_layout_list&quot;:[]}\">\n\t\t\t\t\t\t<div class=\"elementor-container elementor-column-gap-no\">\n\t\t\t\t\t<div class=\"elementor-column elementor-col-100 elementor-top-column elementor-element elementor-element-fe35ff4\" data-id=\"fe35ff4\" data-element_type=\"column\">\n\t\t\t<div class=\"elementor-widget-wrap elementor-element-populated\">\n\t\t\t\t\t\t<div class=\"elementor-element elementor-element-66ed676 elementor-widget elementor-widget-heading\" data-id=\"66ed676\" data-element_type=\"widget\" data-widget_type=\"heading.default\">\n\t\t\t\t<div class=\"elementor-widget-container\">\n\t\t\t<h2 class=\"elementor-heading-title elementor-size-default\">El millor ambient per aprendre m\u00fasica<\/h2>\t\t<\/div>\n\t\t\t\t<\/div>\n\t\t\t\t<div class=\"elementor-element elementor-element-ed34b4e elementor-widget elementor-widget-text-editor\" data-id=\"ed34b4e\" data-element_type=\"widget\" data-widget_type=\"text-editor.default\">\n\t\t\t\t<div class=\"elementor-widget-container\">\n\t\t\t\t\t\t\t<p>Per\u00f2 La C\u00e0psula \u00e9s m\u00e9s que una escola de m\u00fasica a Sant Boi de Llobregat. \u00c9s un espai on els amants de la m\u00fasica poden reunir-se, aprendre i cr\u00e9ixer junts. Oferim un ambient d&#8217;aprenentatge inclusiu i acollidor, on cada estudiant es sent valorat i suportat.<\/p>\n\t\t\t\t\t\t<\/div>\n\t\t\t\t<\/div>\n\t\t\t\t\t<\/div>\n\t\t<\/div>\n\t\t\t\t\t<\/div>\n\t\t<\/section>\n\t\t\t\t<\/div>\n\t\t","protected":false},"excerpt":{"rendered":"<p>L&#8217;escola on la m\u00fasica pren vida Sales d&#8217;assaig a Sant Boi de Llobregat Benvinguts a La C\u00e0psula, l&#8217;escola de m\u00fasica que redefineix els serveis musicals a Sant Boi de Llobregat. El nostre objectiu \u00e9s proporcionar una experi\u00e8ncia musical integral, cobrint totes les fases del proc\u00e9s musical, des de l&#8217;aprenentatge de l&#8217;instrument fins a la creaci\u00f3, [&hellip;]<\/p>\n","protected":false},"author":1,"featured_media":0,"parent":0,"menu_order":0,"comment_status":"closed","ping_status":"closed","template":"elementor_header_footer","meta":{"footnotes":""},"class_list":["post-833","page","type-page","status-publish","hentry"],"yoast_head":"<!-- This site is optimized with the Yoast SEO plugin v27.3 - https:\/\/yoast.com\/product\/yoast-seo-wordpress\/ -->\n<title>Serveis musicals a Sant Boi de Llobregat | La C\u00e0psula<\/title>\n<meta name=\"description\" content=\"Busques serveis musicals a Sant Boi de Llobregat? Som l&#039;escola de m\u00fasica ideal per a totes les edats i nivells!\" \/>\n<meta name=\"robots\" content=\"index, follow, max-snippet:-1, max-image-preview:large, max-video-preview:-1\" \/>\n<link rel=\"canonical\" href=\"https:\/\/capsulamusica.com\/ca\/serveis-musicals\/\" \/>\n<meta property=\"og:locale\" content=\"ca_ES\" \/>\n<meta property=\"og:type\" content=\"article\" \/>\n<meta property=\"og:title\" content=\"Serveis musicals a Sant Boi de Llobregat | La C\u00e0psula\" \/>\n<meta property=\"og:description\" content=\"Busques serveis musicals a Sant Boi de Llobregat? Som l&#039;escola de m\u00fasica ideal per a totes les edats i nivells!\" \/>\n<meta property=\"og:url\" content=\"https:\/\/capsulamusica.com\/ca\/serveis-musicals\/\" \/>\n<meta property=\"og:site_name\" content=\"La C\u00e1psula\" \/>\n<meta property=\"article:modified_time\" content=\"2024-03-04T10:35:44+00:00\" \/>\n<meta name=\"twitter:card\" content=\"summary_large_image\" \/>\n<meta name=\"twitter:label1\" content=\"Temps estimat de lectura\" \/>\n\t<meta name=\"twitter:data1\" content=\"1 minut\" \/>\n<script type=\"application\/ld+json\" class=\"yoast-schema-graph\">{\"@context\":\"https:\\\/\\\/schema.org\",\"@graph\":[{\"@type\":\"WebPage\",\"@id\":\"https:\\\/\\\/capsulamusica.com\\\/ca\\\/serveis-musicals\\\/\",\"url\":\"https:\\\/\\\/capsulamusica.com\\\/ca\\\/serveis-musicals\\\/\",\"name\":\"Serveis musicals a Sant Boi de Llobregat | La C\u00e0psula\",\"isPartOf\":{\"@id\":\"https:\\\/\\\/capsulamusica.com\\\/ca\\\/#website\"},\"datePublished\":\"2023-10-03T13:18:08+00:00\",\"dateModified\":\"2024-03-04T10:35:44+00:00\",\"description\":\"Busques serveis musicals a Sant Boi de Llobregat? Som l'escola de m\u00fasica ideal per a totes les edats i nivells!\",\"breadcrumb\":{\"@id\":\"https:\\\/\\\/capsulamusica.com\\\/ca\\\/serveis-musicals\\\/#breadcrumb\"},\"inLanguage\":\"ca\",\"potentialAction\":[{\"@type\":\"ReadAction\",\"target\":[\"https:\\\/\\\/capsulamusica.com\\\/ca\\\/serveis-musicals\\\/\"]}]},{\"@type\":\"BreadcrumbList\",\"@id\":\"https:\\\/\\\/capsulamusica.com\\\/ca\\\/serveis-musicals\\\/#breadcrumb\",\"itemListElement\":[{\"@type\":\"ListItem\",\"position\":1,\"name\":\"Portada\",\"item\":\"https:\\\/\\\/capsulamusica.com\\\/ca\\\/\"},{\"@type\":\"ListItem\",\"position\":2,\"name\":\"Serveis musicals\"}]},{\"@type\":\"WebSite\",\"@id\":\"https:\\\/\\\/capsulamusica.com\\\/ca\\\/#website\",\"url\":\"https:\\\/\\\/capsulamusica.com\\\/ca\\\/\",\"name\":\"La C\u00e1psula\",\"description\":\"La C\u00e1psula en Sant Boi de Llobregat\",\"potentialAction\":[{\"@type\":\"SearchAction\",\"target\":{\"@type\":\"EntryPoint\",\"urlTemplate\":\"https:\\\/\\\/capsulamusica.com\\\/ca\\\/?s={search_term_string}\"},\"query-input\":{\"@type\":\"PropertyValueSpecification\",\"valueRequired\":true,\"valueName\":\"search_term_string\"}}],\"inLanguage\":\"ca\"}]}<\/script>\n<!-- \/ Yoast SEO plugin. -->","yoast_head_json":{"title":"Serveis musicals a Sant Boi de Llobregat | La C\u00e0psula","description":"Busques serveis musicals a Sant Boi de Llobregat? Som l'escola de m\u00fasica ideal per a totes les edats i nivells!","robots":{"index":"index","follow":"follow","max-snippet":"max-snippet:-1","max-image-preview":"max-image-preview:large","max-video-preview":"max-video-preview:-1"},"canonical":"https:\/\/capsulamusica.com\/ca\/serveis-musicals\/","og_locale":"ca_ES","og_type":"article","og_title":"Serveis musicals a Sant Boi de Llobregat | La C\u00e0psula","og_description":"Busques serveis musicals a Sant Boi de Llobregat? Som l'escola de m\u00fasica ideal per a totes les edats i nivells!","og_url":"https:\/\/capsulamusica.com\/ca\/serveis-musicals\/","og_site_name":"La C\u00e1psula","article_modified_time":"2024-03-04T10:35:44+00:00","twitter_card":"summary_large_image","twitter_misc":{"Temps estimat de lectura":"1 minut"},"schema":{"@context":"https:\/\/schema.org","@graph":[{"@type":"WebPage","@id":"https:\/\/capsulamusica.com\/ca\/serveis-musicals\/","url":"https:\/\/capsulamusica.com\/ca\/serveis-musicals\/","name":"Serveis musicals a Sant Boi de Llobregat | La C\u00e0psula","isPartOf":{"@id":"https:\/\/capsulamusica.com\/ca\/#website"},"datePublished":"2023-10-03T13:18:08+00:00","dateModified":"2024-03-04T10:35:44+00:00","description":"Busques serveis musicals a Sant Boi de Llobregat? Som l'escola de m\u00fasica ideal per a totes les edats i nivells!","breadcrumb":{"@id":"https:\/\/capsulamusica.com\/ca\/serveis-musicals\/#breadcrumb"},"inLanguage":"ca","potentialAction":[{"@type":"ReadAction","target":["https:\/\/capsulamusica.com\/ca\/serveis-musicals\/"]}]},{"@type":"BreadcrumbList","@id":"https:\/\/capsulamusica.com\/ca\/serveis-musicals\/#breadcrumb","itemListElement":[{"@type":"ListItem","position":1,"name":"Portada","item":"https:\/\/capsulamusica.com\/ca\/"},{"@type":"ListItem","position":2,"name":"Serveis musicals"}]},{"@type":"WebSite","@id":"https:\/\/capsulamusica.com\/ca\/#website","url":"https:\/\/capsulamusica.com\/ca\/","name":"La C\u00e1psula","description":"La C\u00e1psula en Sant Boi de Llobregat","potentialAction":[{"@type":"SearchAction","target":{"@type":"EntryPoint","urlTemplate":"https:\/\/capsulamusica.com\/ca\/?s={search_term_string}"},"query-input":{"@type":"PropertyValueSpecification","valueRequired":true,"valueName":"search_term_string"}}],"inLanguage":"ca"}]}},"_links":{"self":[{"href":"https:\/\/capsulamusica.com\/ca\/wp-json\/wp\/v2\/pages\/833","targetHints":{"allow":["GET"]}}],"collection":[{"href":"https:\/\/capsulamusica.com\/ca\/wp-json\/wp\/v2\/pages"}],"about":[{"href":"https:\/\/capsulamusica.com\/ca\/wp-json\/wp\/v2\/types\/page"}],"author":[{"embeddable":true,"href":"https:\/\/capsulamusica.com\/ca\/wp-json\/wp\/v2\/users\/1"}],"replies":[{"embeddable":true,"href":"https:\/\/capsulamusica.com\/ca\/wp-json\/wp\/v2\/comments?post=833"}],"version-history":[{"count":1,"href":"https:\/\/capsulamusica.com\/ca\/wp-json\/wp\/v2\/pages\/833\/revisions"}],"predecessor-version":[{"id":834,"href":"https:\/\/capsulamusica.com\/ca\/wp-json\/wp\/v2\/pages\/833\/revisions\/834"}],"wp:attachment":[{"href":"https:\/\/capsulamusica.com\/ca\/wp-json\/wp\/v2\/media?parent=833"}],"curies":[{"name":"wp","href":"https:\/\/api.w.org\/{rel}","templated":true}]}}