{"id":837,"date":"2023-10-03T13:20:36","date_gmt":"2023-10-03T13:20:36","guid":{"rendered":"https:\/\/capsulamusica.com\/estudi-de-gravacio-a-sant-boi-de-llobregat\/"},"modified":"2024-03-04T10:51:58","modified_gmt":"2024-03-04T10:51:58","slug":"estudi-de-gravacio-a-sant-boi-de-llobregat","status":"publish","type":"page","link":"https:\/\/capsulamusica.com\/ca\/estudi-de-gravacio-a-sant-boi-de-llobregat\/","title":{"rendered":"Estudi de gravaci\u00f3 a Sant Boi de Llobregat"},"content":{"rendered":"\t\t<div data-elementor-type=\"wp-page\" data-elementor-id=\"837\" class=\"elementor elementor-837 elementor-432\">\n\t\t\t\t\t\t<section class=\"elementor-section elementor-top-section elementor-element elementor-element-b93bea6 elementor-section-height-min-height elementor-section-boxed elementor-section-height-default elementor-section-items-middle\" data-id=\"b93bea6\" data-element_type=\"section\" data-settings=\"{&quot;jet_parallax_layout_list&quot;:[],&quot;background_background&quot;:&quot;classic&quot;}\">\n\t\t\t\t\t\t\t<div class=\"elementor-background-overlay\"><\/div>\n\t\t\t\t\t\t\t<div class=\"elementor-container elementor-column-gap-default\">\n\t\t\t\t\t<div class=\"elementor-column elementor-col-100 elementor-top-column elementor-element elementor-element-c6655d1\" data-id=\"c6655d1\" data-element_type=\"column\">\n\t\t\t<div class=\"elementor-widget-wrap elementor-element-populated\">\n\t\t\t\t\t\t<div class=\"elementor-element elementor-element-0f4708e elementor-widget elementor-widget-heading\" data-id=\"0f4708e\" data-element_type=\"widget\" data-widget_type=\"heading.default\">\n\t\t\t\t<div class=\"elementor-widget-container\">\n\t\t\t<style>\/*! elementor - v3.21.0 - 22-05-2024 *\/\n.elementor-heading-title{padding:0;margin:0;line-height:1}.elementor-widget-heading .elementor-heading-title[class*=elementor-size-]>a{color:inherit;font-size:inherit;line-height:inherit}.elementor-widget-heading .elementor-heading-title.elementor-size-small{font-size:15px}.elementor-widget-heading .elementor-heading-title.elementor-size-medium{font-size:19px}.elementor-widget-heading .elementor-heading-title.elementor-size-large{font-size:29px}.elementor-widget-heading .elementor-heading-title.elementor-size-xl{font-size:39px}.elementor-widget-heading .elementor-heading-title.elementor-size-xxl{font-size:59px}<\/style><p class=\"elementor-heading-title elementor-size-default\">Creant m\u00fasica de qualitat<\/p>\t\t<\/div>\n\t\t\t\t<\/div>\n\t\t\t\t\t<\/div>\n\t\t<\/div>\n\t\t\t\t\t<\/div>\n\t\t<\/section>\n\t\t\t\t<section class=\"elementor-section elementor-top-section elementor-element elementor-element-b2e2a89 elementor-section-stretched elementor-section-boxed elementor-section-height-default elementor-section-height-default\" data-id=\"b2e2a89\" data-element_type=\"section\" data-settings=\"{&quot;stretch_section&quot;:&quot;section-stretched&quot;,&quot;jet_parallax_layout_list&quot;:[],&quot;background_background&quot;:&quot;classic&quot;}\">\n\t\t\t\t\t\t<div class=\"elementor-container elementor-column-gap-no\">\n\t\t\t\t\t<div class=\"elementor-column elementor-col-100 elementor-top-column elementor-element elementor-element-50daf01\" data-id=\"50daf01\" data-element_type=\"column\">\n\t\t\t<div class=\"elementor-widget-wrap elementor-element-populated\">\n\t\t\t\t\t\t<div class=\"elementor-element elementor-element-f31f502 elementor-widget elementor-widget-heading\" data-id=\"f31f502\" data-element_type=\"widget\" data-widget_type=\"heading.default\">\n\t\t\t\t<div class=\"elementor-widget-container\">\n\t\t\t<h1 class=\"elementor-heading-title elementor-size-default\">Estudi de gravaci\u00f3 a Sant Boi de Llobregat<\/h1>\t\t<\/div>\n\t\t\t\t<\/div>\n\t\t\t\t<div class=\"elementor-element elementor-element-8e1ac25 elementor-widget elementor-widget-text-editor\" data-id=\"8e1ac25\" data-element_type=\"widget\" data-widget_type=\"text-editor.default\">\n\t\t\t\t<div class=\"elementor-widget-container\">\n\t\t\t<style>\/*! elementor - v3.21.0 - 22-05-2024 *\/\n.elementor-widget-text-editor.elementor-drop-cap-view-stacked .elementor-drop-cap{background-color:#69727d;color:#fff}.elementor-widget-text-editor.elementor-drop-cap-view-framed .elementor-drop-cap{color:#69727d;border:3px solid;background-color:transparent}.elementor-widget-text-editor:not(.elementor-drop-cap-view-default) .elementor-drop-cap{margin-top:8px}.elementor-widget-text-editor:not(.elementor-drop-cap-view-default) .elementor-drop-cap-letter{width:1em;height:1em}.elementor-widget-text-editor .elementor-drop-cap{float:left;text-align:center;line-height:1;font-size:50px}.elementor-widget-text-editor .elementor-drop-cap-letter{display:inline-block}<\/style>\t\t\t\t<p>Busques un lloc per donar vida a les teves idees musicals? Comptem amb un estudi de so amb equip d&#8217;alta qualitat per satisfer totes les teves necessitats de gravaci\u00f3.<\/p>\n\t\t\t\t\t\t<\/div>\n\t\t\t\t<\/div>\n\t\t\t\t<div class=\"elementor-element elementor-element-2c3688a elementor-widget elementor-widget-text-editor\" data-id=\"2c3688a\" data-element_type=\"widget\" data-widget_type=\"text-editor.default\">\n\t\t\t\t<div class=\"elementor-widget-container\">\n\t\t\t\t\t\t\t<p>El nostre estudi de gravaci\u00f3 a Sant Boi de Llobregat \u00e9s el lloc perfecte per gravar, mesclar i masteritzar la teva m\u00fasica. Amb un preu de 200\u20ac per a la gravaci\u00f3, mescla i masteritzaci\u00f3 d&#8217;una can\u00e7\u00f3, oferim un servei d&#8217;alta qualitat a un preu assequible.<\/p>\n\t\t\t\t\t\t<\/div>\n\t\t\t\t<\/div>\n\t\t\t\t<div class=\"elementor-element elementor-element-a5c0a40 elementor-widget elementor-widget-text-editor\" data-id=\"a5c0a40\" data-element_type=\"widget\" data-widget_type=\"text-editor.default\">\n\t\t\t\t<div class=\"elementor-widget-container\">\n\t\t\t\t\t\t\t<p>Si necessites gravar durant m\u00e9s temps, tamb\u00e9 oferim gravacions a 19\u20ac per hora, amb un m\u00ednim de 3 hores. Tens en ment un EP de 3 temes? Tenim un paquet especial per a tu per 560\u20ac.<\/p>\n\t\t\t\t\t\t<\/div>\n\t\t\t\t<\/div>\n\t\t\t\t<div class=\"elementor-element elementor-element-c171f89 elementor-widget elementor-widget-image-gallery\" data-id=\"c171f89\" data-element_type=\"widget\" data-widget_type=\"image-gallery.default\">\n\t\t\t\t<div class=\"elementor-widget-container\">\n\t\t\t<style>\/*! elementor - v3.21.0 - 22-05-2024 *\/\n.elementor-image-gallery .gallery-item{display:inline-block;text-align:center;vertical-align:top;width:100%;max-width:100%;margin:0 auto}.elementor-image-gallery .gallery-item img{margin:0 auto}.elementor-image-gallery .gallery-item .gallery-caption{margin:0}.elementor-image-gallery figure img{display:block}.elementor-image-gallery figure figcaption{width:100%}.gallery-spacing-custom .elementor-image-gallery .gallery-icon{padding:0}@media (min-width:768px){.elementor-image-gallery .gallery-columns-2 .gallery-item{max-width:50%}.elementor-image-gallery .gallery-columns-3 .gallery-item{max-width:33.33%}.elementor-image-gallery .gallery-columns-4 .gallery-item{max-width:25%}.elementor-image-gallery .gallery-columns-5 .gallery-item{max-width:20%}.elementor-image-gallery .gallery-columns-6 .gallery-item{max-width:16.666%}.elementor-image-gallery .gallery-columns-7 .gallery-item{max-width:14.28%}.elementor-image-gallery .gallery-columns-8 .gallery-item{max-width:12.5%}.elementor-image-gallery .gallery-columns-9 .gallery-item{max-width:11.11%}.elementor-image-gallery .gallery-columns-10 .gallery-item{max-width:10%}}@media (min-width:480px) and (max-width:767px){.elementor-image-gallery .gallery.gallery-columns-2 .gallery-item,.elementor-image-gallery .gallery.gallery-columns-3 .gallery-item,.elementor-image-gallery .gallery.gallery-columns-4 .gallery-item,.elementor-image-gallery .gallery.gallery-columns-5 .gallery-item,.elementor-image-gallery .gallery.gallery-columns-6 .gallery-item,.elementor-image-gallery .gallery.gallery-columns-7 .gallery-item,.elementor-image-gallery .gallery.gallery-columns-8 .gallery-item,.elementor-image-gallery .gallery.gallery-columns-9 .gallery-item,.elementor-image-gallery .gallery.gallery-columns-10 .gallery-item{max-width:50%}}@media (max-width:479px){.elementor-image-gallery .gallery.gallery-columns-2 .gallery-item,.elementor-image-gallery .gallery.gallery-columns-3 .gallery-item,.elementor-image-gallery .gallery.gallery-columns-4 .gallery-item,.elementor-image-gallery .gallery.gallery-columns-5 .gallery-item,.elementor-image-gallery .gallery.gallery-columns-6 .gallery-item,.elementor-image-gallery .gallery.gallery-columns-7 .gallery-item,.elementor-image-gallery .gallery.gallery-columns-8 .gallery-item,.elementor-image-gallery .gallery.gallery-columns-9 .gallery-item,.elementor-image-gallery .gallery.gallery-columns-10 .gallery-item{max-width:100%}}<\/style>\t\t<div class=\"elementor-image-gallery\">\n\t\t\t<div id='gallery-1' class='gallery galleryid-837 gallery-columns-3 gallery-size-kava-thumb-m'><figure class='gallery-item'>\n\t\t\t<div class='gallery-icon landscape'>\n\t\t\t\t<a data-elementor-open-lightbox=\"yes\" data-elementor-lightbox-slideshow=\"c171f89\" data-elementor-lightbox-title=\"sala-ensayo1\" data-e-action-hash=\"#elementor-action%3Aaction%3Dlightbox%26settings%3DeyJpZCI6NzYxLCJ1cmwiOiJodHRwczpcL1wvY2Fwc3VsYW11c2ljYS5jb21cL3dwLWNvbnRlbnRcL3VwbG9hZHNcLzIwMjNcLzEwXC9zYWxhLWVuc2F5bzEud2VicCIsInNsaWRlc2hvdyI6ImMxNzFmODkifQ%3D%3D\" href='https:\/\/capsulamusica.com\/wp-content\/uploads\/2023\/10\/sala-ensayo1.webp'><img fetchpriority=\"high\" decoding=\"async\" width=\"400\" height=\"400\" src=\"https:\/\/capsulamusica.com\/wp-content\/uploads\/2023\/10\/sala-ensayo1-400x400.webp\" class=\"attachment-kava-thumb-m size-kava-thumb-m\" alt=\"\" srcset=\"https:\/\/capsulamusica.com\/wp-content\/uploads\/2023\/10\/sala-ensayo1-400x400.webp 400w, https:\/\/capsulamusica.com\/wp-content\/uploads\/2023\/10\/sala-ensayo1-150x150.webp 150w, https:\/\/capsulamusica.com\/wp-content\/uploads\/2023\/10\/sala-ensayo1-230x230.webp 230w\" sizes=\"(max-width: 400px) 100vw, 400px\" \/><\/a>\n\t\t\t<\/div><\/figure><figure class='gallery-item'>\n\t\t\t<div class='gallery-icon landscape'>\n\t\t\t\t<a data-elementor-open-lightbox=\"yes\" data-elementor-lightbox-slideshow=\"c171f89\" data-elementor-lightbox-title=\"sala-ensayo2\" data-e-action-hash=\"#elementor-action%3Aaction%3Dlightbox%26settings%3DeyJpZCI6NzYyLCJ1cmwiOiJodHRwczpcL1wvY2Fwc3VsYW11c2ljYS5jb21cL3dwLWNvbnRlbnRcL3VwbG9hZHNcLzIwMjNcLzEwXC9zYWxhLWVuc2F5bzIud2VicCIsInNsaWRlc2hvdyI6ImMxNzFmODkifQ%3D%3D\" href='https:\/\/capsulamusica.com\/wp-content\/uploads\/2023\/10\/sala-ensayo2.webp'><img decoding=\"async\" width=\"400\" height=\"400\" src=\"https:\/\/capsulamusica.com\/wp-content\/uploads\/2023\/10\/sala-ensayo2-400x400.webp\" class=\"attachment-kava-thumb-m size-kava-thumb-m\" alt=\"\" srcset=\"https:\/\/capsulamusica.com\/wp-content\/uploads\/2023\/10\/sala-ensayo2-400x400.webp 400w, https:\/\/capsulamusica.com\/wp-content\/uploads\/2023\/10\/sala-ensayo2-150x150.webp 150w, https:\/\/capsulamusica.com\/wp-content\/uploads\/2023\/10\/sala-ensayo2-230x230.webp 230w\" sizes=\"(max-width: 400px) 100vw, 400px\" \/><\/a>\n\t\t\t<\/div><\/figure><figure class='gallery-item'>\n\t\t\t<div class='gallery-icon landscape'>\n\t\t\t\t<a data-elementor-open-lightbox=\"yes\" data-elementor-lightbox-slideshow=\"c171f89\" data-elementor-lightbox-title=\"sala-ensayo3\" data-e-action-hash=\"#elementor-action%3Aaction%3Dlightbox%26settings%3DeyJpZCI6NzY2LCJ1cmwiOiJodHRwczpcL1wvY2Fwc3VsYW11c2ljYS5jb21cL3dwLWNvbnRlbnRcL3VwbG9hZHNcLzIwMjNcLzEwXC9zYWxhLWVuc2F5bzMtMS53ZWJwIiwic2xpZGVzaG93IjoiYzE3MWY4OSJ9\" href='https:\/\/capsulamusica.com\/wp-content\/uploads\/2023\/10\/sala-ensayo3-1.webp'><img decoding=\"async\" width=\"400\" height=\"400\" src=\"https:\/\/capsulamusica.com\/wp-content\/uploads\/2023\/10\/sala-ensayo3-1-400x400.webp\" class=\"attachment-kava-thumb-m size-kava-thumb-m\" alt=\"\" srcset=\"https:\/\/capsulamusica.com\/wp-content\/uploads\/2023\/10\/sala-ensayo3-1-400x400.webp 400w, https:\/\/capsulamusica.com\/wp-content\/uploads\/2023\/10\/sala-ensayo3-1-150x150.webp 150w, https:\/\/capsulamusica.com\/wp-content\/uploads\/2023\/10\/sala-ensayo3-1-230x230.webp 230w\" sizes=\"(max-width: 400px) 100vw, 400px\" \/><\/a>\n\t\t\t<\/div><\/figure>\n\t\t<\/div>\n\t\t<\/div>\n\t\t\t\t<\/div>\n\t\t\t\t<\/div>\n\t\t\t\t\t<\/div>\n\t\t<\/div>\n\t\t\t\t\t<\/div>\n\t\t<\/section>\n\t\t\t\t<section class=\"elementor-section elementor-top-section elementor-element elementor-element-b2d0943 elementor-section-stretched elementor-section-boxed elementor-section-height-default elementor-section-height-default\" data-id=\"b2d0943\" data-element_type=\"section\" data-settings=\"{&quot;stretch_section&quot;:&quot;section-stretched&quot;,&quot;jet_parallax_layout_list&quot;:[],&quot;background_background&quot;:&quot;classic&quot;}\">\n\t\t\t\t\t\t<div class=\"elementor-container elementor-column-gap-no\">\n\t\t\t\t\t<div class=\"elementor-column elementor-col-100 elementor-top-column elementor-element elementor-element-1bbd527\" data-id=\"1bbd527\" data-element_type=\"column\">\n\t\t\t<div class=\"elementor-widget-wrap elementor-element-populated\">\n\t\t\t\t\t\t<div class=\"elementor-element elementor-element-167f3f7 elementor-widget elementor-widget-heading\" data-id=\"167f3f7\" data-element_type=\"widget\" data-widget_type=\"heading.default\">\n\t\t\t\t<div class=\"elementor-widget-container\">\n\t\t\t<h2 class=\"elementor-heading-title elementor-size-default\">Producci\u00f3 de so<\/h2>\t\t<\/div>\n\t\t\t\t<\/div>\n\t\t\t\t<div class=\"elementor-element elementor-element-c797f59 elementor-widget elementor-widget-text-editor\" data-id=\"c797f59\" data-element_type=\"widget\" data-widget_type=\"text-editor.default\">\n\t\t\t\t<div class=\"elementor-widget-container\">\n\t\t\t\t\t\t\t<p>Tamb\u00e9 som experts en producci\u00f3 de so i oferim serveis de producci\u00f3 musical personalitzats per a diversos prop\u00f2sits i pre-producci\u00f3 per a compositors i bandes.<\/p>\n<p>El nostre equip de productors de so treballar\u00e0 amb tu per entendre les teves necessitats i objectius, i t&#8217;ajudar\u00e0 a crear la m\u00fasica que tens en ment.<\/p>\n<p>Amb pressupostos adaptats a les necessitats de cada projecte, ens assegurem que obtinguis el millor servei sense trencar el teu pressupost.<\/p>\n<p>A La C\u00e0psula, el teu estudi de gravaci\u00f3 ens comprometem a ajudar-te a crear la millor m\u00fasica possible. Vine i descobreix per qu\u00e8 som l&#8217;elecci\u00f3 preferida dels m\u00fasics i compositors a Sant Boi de Llobregat.<\/p>\n\t\t\t\t\t\t<\/div>\n\t\t\t\t<\/div>\n\t\t\t\t\t<\/div>\n\t\t<\/div>\n\t\t\t\t\t<\/div>\n\t\t<\/section>\n\t\t<div class=\"elementor-element elementor-element-749e412 e-flex e-con-boxed e-con e-parent\" data-id=\"749e412\" data-element_type=\"container\" data-settings=\"{&quot;jet_parallax_layout_list&quot;:[],&quot;background_background&quot;:&quot;classic&quot;}\">\n\t\t\t\t\t<div class=\"e-con-inner\">\n\t\t\t\t\t<\/div>\n\t\t\t\t<\/div>\n\t\t\t\t<\/div>\n\t\t","protected":false},"excerpt":{"rendered":"<p>Creant m\u00fasica de qualitat Estudi de gravaci\u00f3 a Sant Boi de Llobregat Busques un lloc per donar vida a les teves idees musicals? Comptem amb un estudi de so amb equip d&#8217;alta qualitat per satisfer totes les teves necessitats de gravaci\u00f3. El nostre estudi de gravaci\u00f3 a Sant Boi de Llobregat \u00e9s el lloc perfecte [&hellip;]<\/p>\n","protected":false},"author":1,"featured_media":0,"parent":0,"menu_order":0,"comment_status":"closed","ping_status":"closed","template":"elementor_header_footer","meta":{"footnotes":""},"class_list":["post-837","page","type-page","status-publish","hentry"],"yoast_head":"<!-- This site is optimized with the Yoast SEO plugin v27.3 - https:\/\/yoast.com\/product\/yoast-seo-wordpress\/ -->\n<title>Estudi de gravaci\u00f3 a Sant Boi de Llobregat | La C\u00e0psula<\/title>\n<meta name=\"description\" content=\"Busques un estudi de gravaci\u00f3 a Sant Boi de Llobregat per portar a terme aquelles idees musicals que tens en ment amb la teva banda? Entra i coneix-nos!\" \/>\n<meta name=\"robots\" content=\"index, follow, max-snippet:-1, max-image-preview:large, max-video-preview:-1\" \/>\n<link rel=\"canonical\" href=\"https:\/\/capsulamusica.com\/ca\/estudi-de-gravacio-a-sant-boi-de-llobregat\/\" \/>\n<meta property=\"og:locale\" content=\"ca_ES\" \/>\n<meta property=\"og:type\" content=\"article\" \/>\n<meta property=\"og:title\" content=\"Estudi de gravaci\u00f3 a Sant Boi de Llobregat | La C\u00e0psula\" \/>\n<meta property=\"og:description\" content=\"Busques un estudi de gravaci\u00f3 a Sant Boi de Llobregat per portar a terme aquelles idees musicals que tens en ment amb la teva banda? Entra i coneix-nos!\" \/>\n<meta property=\"og:url\" content=\"https:\/\/capsulamusica.com\/ca\/estudi-de-gravacio-a-sant-boi-de-llobregat\/\" \/>\n<meta property=\"og:site_name\" content=\"La C\u00e1psula\" \/>\n<meta property=\"article:modified_time\" content=\"2024-03-04T10:51:58+00:00\" \/>\n<meta property=\"og:image\" content=\"https:\/\/capsulamusica.com\/wp-content\/uploads\/2023\/10\/sala-ensayo1-400x400.webp\" \/>\n<meta name=\"twitter:card\" content=\"summary_large_image\" \/>\n<meta name=\"twitter:label1\" content=\"Temps estimat de lectura\" \/>\n\t<meta name=\"twitter:data1\" content=\"1 minut\" \/>\n<script type=\"application\/ld+json\" class=\"yoast-schema-graph\">{\"@context\":\"https:\\\/\\\/schema.org\",\"@graph\":[{\"@type\":\"WebPage\",\"@id\":\"https:\\\/\\\/capsulamusica.com\\\/ca\\\/estudi-de-gravacio-a-sant-boi-de-llobregat\\\/\",\"url\":\"https:\\\/\\\/capsulamusica.com\\\/ca\\\/estudi-de-gravacio-a-sant-boi-de-llobregat\\\/\",\"name\":\"Estudi de gravaci\u00f3 a Sant Boi de Llobregat | La C\u00e0psula\",\"isPartOf\":{\"@id\":\"https:\\\/\\\/capsulamusica.com\\\/ca\\\/#website\"},\"primaryImageOfPage\":{\"@id\":\"https:\\\/\\\/capsulamusica.com\\\/ca\\\/estudi-de-gravacio-a-sant-boi-de-llobregat\\\/#primaryimage\"},\"image\":{\"@id\":\"https:\\\/\\\/capsulamusica.com\\\/ca\\\/estudi-de-gravacio-a-sant-boi-de-llobregat\\\/#primaryimage\"},\"thumbnailUrl\":\"https:\\\/\\\/capsulamusica.com\\\/wp-content\\\/uploads\\\/2023\\\/10\\\/sala-ensayo1-400x400.webp\",\"datePublished\":\"2023-10-03T13:20:36+00:00\",\"dateModified\":\"2024-03-04T10:51:58+00:00\",\"description\":\"Busques un estudi de gravaci\u00f3 a Sant Boi de Llobregat per portar a terme aquelles idees musicals que tens en ment amb la teva banda? Entra i coneix-nos!\",\"breadcrumb\":{\"@id\":\"https:\\\/\\\/capsulamusica.com\\\/ca\\\/estudi-de-gravacio-a-sant-boi-de-llobregat\\\/#breadcrumb\"},\"inLanguage\":\"ca\",\"potentialAction\":[{\"@type\":\"ReadAction\",\"target\":[\"https:\\\/\\\/capsulamusica.com\\\/ca\\\/estudi-de-gravacio-a-sant-boi-de-llobregat\\\/\"]}]},{\"@type\":\"ImageObject\",\"inLanguage\":\"ca\",\"@id\":\"https:\\\/\\\/capsulamusica.com\\\/ca\\\/estudi-de-gravacio-a-sant-boi-de-llobregat\\\/#primaryimage\",\"url\":\"https:\\\/\\\/capsulamusica.com\\\/wp-content\\\/uploads\\\/2023\\\/10\\\/sala-ensayo1-400x400.webp\",\"contentUrl\":\"https:\\\/\\\/capsulamusica.com\\\/wp-content\\\/uploads\\\/2023\\\/10\\\/sala-ensayo1-400x400.webp\"},{\"@type\":\"BreadcrumbList\",\"@id\":\"https:\\\/\\\/capsulamusica.com\\\/ca\\\/estudi-de-gravacio-a-sant-boi-de-llobregat\\\/#breadcrumb\",\"itemListElement\":[{\"@type\":\"ListItem\",\"position\":1,\"name\":\"Portada\",\"item\":\"https:\\\/\\\/capsulamusica.com\\\/ca\\\/\"},{\"@type\":\"ListItem\",\"position\":2,\"name\":\"Estudi de gravaci\u00f3 a Sant Boi de Llobregat\"}]},{\"@type\":\"WebSite\",\"@id\":\"https:\\\/\\\/capsulamusica.com\\\/ca\\\/#website\",\"url\":\"https:\\\/\\\/capsulamusica.com\\\/ca\\\/\",\"name\":\"La C\u00e1psula\",\"description\":\"La C\u00e1psula en Sant Boi de Llobregat\",\"potentialAction\":[{\"@type\":\"SearchAction\",\"target\":{\"@type\":\"EntryPoint\",\"urlTemplate\":\"https:\\\/\\\/capsulamusica.com\\\/ca\\\/?s={search_term_string}\"},\"query-input\":{\"@type\":\"PropertyValueSpecification\",\"valueRequired\":true,\"valueName\":\"search_term_string\"}}],\"inLanguage\":\"ca\"}]}<\/script>\n<!-- \/ Yoast SEO plugin. -->","yoast_head_json":{"title":"Estudi de gravaci\u00f3 a Sant Boi de Llobregat | La C\u00e0psula","description":"Busques un estudi de gravaci\u00f3 a Sant Boi de Llobregat per portar a terme aquelles idees musicals que tens en ment amb la teva banda? Entra i coneix-nos!","robots":{"index":"index","follow":"follow","max-snippet":"max-snippet:-1","max-image-preview":"max-image-preview:large","max-video-preview":"max-video-preview:-1"},"canonical":"https:\/\/capsulamusica.com\/ca\/estudi-de-gravacio-a-sant-boi-de-llobregat\/","og_locale":"ca_ES","og_type":"article","og_title":"Estudi de gravaci\u00f3 a Sant Boi de Llobregat | La C\u00e0psula","og_description":"Busques un estudi de gravaci\u00f3 a Sant Boi de Llobregat per portar a terme aquelles idees musicals que tens en ment amb la teva banda? Entra i coneix-nos!","og_url":"https:\/\/capsulamusica.com\/ca\/estudi-de-gravacio-a-sant-boi-de-llobregat\/","og_site_name":"La C\u00e1psula","article_modified_time":"2024-03-04T10:51:58+00:00","og_image":[{"url":"https:\/\/capsulamusica.com\/wp-content\/uploads\/2023\/10\/sala-ensayo1-400x400.webp","type":"","width":"","height":""}],"twitter_card":"summary_large_image","twitter_misc":{"Temps estimat de lectura":"1 minut"},"schema":{"@context":"https:\/\/schema.org","@graph":[{"@type":"WebPage","@id":"https:\/\/capsulamusica.com\/ca\/estudi-de-gravacio-a-sant-boi-de-llobregat\/","url":"https:\/\/capsulamusica.com\/ca\/estudi-de-gravacio-a-sant-boi-de-llobregat\/","name":"Estudi de gravaci\u00f3 a Sant Boi de Llobregat | La C\u00e0psula","isPartOf":{"@id":"https:\/\/capsulamusica.com\/ca\/#website"},"primaryImageOfPage":{"@id":"https:\/\/capsulamusica.com\/ca\/estudi-de-gravacio-a-sant-boi-de-llobregat\/#primaryimage"},"image":{"@id":"https:\/\/capsulamusica.com\/ca\/estudi-de-gravacio-a-sant-boi-de-llobregat\/#primaryimage"},"thumbnailUrl":"https:\/\/capsulamusica.com\/wp-content\/uploads\/2023\/10\/sala-ensayo1-400x400.webp","datePublished":"2023-10-03T13:20:36+00:00","dateModified":"2024-03-04T10:51:58+00:00","description":"Busques un estudi de gravaci\u00f3 a Sant Boi de Llobregat per portar a terme aquelles idees musicals que tens en ment amb la teva banda? Entra i coneix-nos!","breadcrumb":{"@id":"https:\/\/capsulamusica.com\/ca\/estudi-de-gravacio-a-sant-boi-de-llobregat\/#breadcrumb"},"inLanguage":"ca","potentialAction":[{"@type":"ReadAction","target":["https:\/\/capsulamusica.com\/ca\/estudi-de-gravacio-a-sant-boi-de-llobregat\/"]}]},{"@type":"ImageObject","inLanguage":"ca","@id":"https:\/\/capsulamusica.com\/ca\/estudi-de-gravacio-a-sant-boi-de-llobregat\/#primaryimage","url":"https:\/\/capsulamusica.com\/wp-content\/uploads\/2023\/10\/sala-ensayo1-400x400.webp","contentUrl":"https:\/\/capsulamusica.com\/wp-content\/uploads\/2023\/10\/sala-ensayo1-400x400.webp"},{"@type":"BreadcrumbList","@id":"https:\/\/capsulamusica.com\/ca\/estudi-de-gravacio-a-sant-boi-de-llobregat\/#breadcrumb","itemListElement":[{"@type":"ListItem","position":1,"name":"Portada","item":"https:\/\/capsulamusica.com\/ca\/"},{"@type":"ListItem","position":2,"name":"Estudi de gravaci\u00f3 a Sant Boi de Llobregat"}]},{"@type":"WebSite","@id":"https:\/\/capsulamusica.com\/ca\/#website","url":"https:\/\/capsulamusica.com\/ca\/","name":"La C\u00e1psula","description":"La C\u00e1psula en Sant Boi de Llobregat","potentialAction":[{"@type":"SearchAction","target":{"@type":"EntryPoint","urlTemplate":"https:\/\/capsulamusica.com\/ca\/?s={search_term_string}"},"query-input":{"@type":"PropertyValueSpecification","valueRequired":true,"valueName":"search_term_string"}}],"inLanguage":"ca"}]}},"_links":{"self":[{"href":"https:\/\/capsulamusica.com\/ca\/wp-json\/wp\/v2\/pages\/837","targetHints":{"allow":["GET"]}}],"collection":[{"href":"https:\/\/capsulamusica.com\/ca\/wp-json\/wp\/v2\/pages"}],"about":[{"href":"https:\/\/capsulamusica.com\/ca\/wp-json\/wp\/v2\/types\/page"}],"author":[{"embeddable":true,"href":"https:\/\/capsulamusica.com\/ca\/wp-json\/wp\/v2\/users\/1"}],"replies":[{"embeddable":true,"href":"https:\/\/capsulamusica.com\/ca\/wp-json\/wp\/v2\/comments?post=837"}],"version-history":[{"count":1,"href":"https:\/\/capsulamusica.com\/ca\/wp-json\/wp\/v2\/pages\/837\/revisions"}],"predecessor-version":[{"id":838,"href":"https:\/\/capsulamusica.com\/ca\/wp-json\/wp\/v2\/pages\/837\/revisions\/838"}],"wp:attachment":[{"href":"https:\/\/capsulamusica.com\/ca\/wp-json\/wp\/v2\/media?parent=837"}],"curies":[{"name":"wp","href":"https:\/\/api.w.org\/{rel}","templated":true}]}}