{"id":839,"date":"2023-10-03T13:22:45","date_gmt":"2023-10-03T13:22:45","guid":{"rendered":"https:\/\/capsulamusica.com\/lloguer-dequips-de-so-a-sant-boi-de-llobregat\/"},"modified":"2024-03-04T11:07:22","modified_gmt":"2024-03-04T11:07:22","slug":"lloguer-dequips-de-so-a-sant-boi-de-llobregat","status":"publish","type":"page","link":"https:\/\/capsulamusica.com\/ca\/lloguer-dequips-de-so-a-sant-boi-de-llobregat\/","title":{"rendered":"Lloguer d&#8217;equips de so a Sant Boi de Llobregat"},"content":{"rendered":"\t\t<div data-elementor-type=\"wp-page\" data-elementor-id=\"839\" class=\"elementor elementor-839 elementor-442\">\n\t\t\t\t\t\t<section class=\"elementor-section elementor-top-section elementor-element elementor-element-bd806aa elementor-section-height-min-height elementor-section-boxed elementor-section-height-default elementor-section-items-middle\" data-id=\"bd806aa\" data-element_type=\"section\" data-settings=\"{&quot;jet_parallax_layout_list&quot;:[],&quot;background_background&quot;:&quot;classic&quot;}\">\n\t\t\t\t\t\t\t<div class=\"elementor-background-overlay\"><\/div>\n\t\t\t\t\t\t\t<div class=\"elementor-container elementor-column-gap-default\">\n\t\t\t\t\t<div class=\"elementor-column elementor-col-100 elementor-top-column elementor-element elementor-element-3311032\" data-id=\"3311032\" data-element_type=\"column\">\n\t\t\t<div class=\"elementor-widget-wrap elementor-element-populated\">\n\t\t\t\t\t\t<div class=\"elementor-element elementor-element-be6e786 elementor-widget elementor-widget-heading\" data-id=\"be6e786\" data-element_type=\"widget\" data-widget_type=\"heading.default\">\n\t\t\t\t<div class=\"elementor-widget-container\">\n\t\t\t<style>\/*! elementor - v3.21.0 - 22-05-2024 *\/\n.elementor-heading-title{padding:0;margin:0;line-height:1}.elementor-widget-heading .elementor-heading-title[class*=elementor-size-]>a{color:inherit;font-size:inherit;line-height:inherit}.elementor-widget-heading .elementor-heading-title.elementor-size-small{font-size:15px}.elementor-widget-heading .elementor-heading-title.elementor-size-medium{font-size:19px}.elementor-widget-heading .elementor-heading-title.elementor-size-large{font-size:29px}.elementor-widget-heading .elementor-heading-title.elementor-size-xl{font-size:39px}.elementor-widget-heading .elementor-heading-title.elementor-size-xxl{font-size:59px}<\/style><p class=\"elementor-heading-title elementor-size-default\">El teu so, la nostra passi\u00f3<\/p>\t\t<\/div>\n\t\t\t\t<\/div>\n\t\t\t\t\t<\/div>\n\t\t<\/div>\n\t\t\t\t\t<\/div>\n\t\t<\/section>\n\t\t\t\t<section class=\"elementor-section elementor-top-section elementor-element elementor-element-e857cc4 elementor-section-stretched elementor-section-boxed elementor-section-height-default elementor-section-height-default\" data-id=\"e857cc4\" data-element_type=\"section\" data-settings=\"{&quot;stretch_section&quot;:&quot;section-stretched&quot;,&quot;jet_parallax_layout_list&quot;:[],&quot;background_background&quot;:&quot;classic&quot;}\">\n\t\t\t\t\t\t<div class=\"elementor-container elementor-column-gap-no\">\n\t\t\t\t\t<div class=\"elementor-column elementor-col-100 elementor-top-column elementor-element elementor-element-7a9bd4d\" data-id=\"7a9bd4d\" data-element_type=\"column\">\n\t\t\t<div class=\"elementor-widget-wrap elementor-element-populated\">\n\t\t\t\t\t\t<div class=\"elementor-element elementor-element-84ea8a2 elementor-widget elementor-widget-heading\" data-id=\"84ea8a2\" data-element_type=\"widget\" data-widget_type=\"heading.default\">\n\t\t\t\t<div class=\"elementor-widget-container\">\n\t\t\t<h1 class=\"elementor-heading-title elementor-size-default\">Lloguer d'equips de so a Sant Boi de Llobregat<\/h1>\t\t<\/div>\n\t\t\t\t<\/div>\n\t\t\t\t<div class=\"elementor-element elementor-element-39dddb8 elementor-widget elementor-widget-text-editor\" data-id=\"39dddb8\" data-element_type=\"widget\" data-widget_type=\"text-editor.default\">\n\t\t\t\t<div class=\"elementor-widget-container\">\n\t\t\t<style>\/*! elementor - v3.21.0 - 22-05-2024 *\/\n.elementor-widget-text-editor.elementor-drop-cap-view-stacked .elementor-drop-cap{background-color:#69727d;color:#fff}.elementor-widget-text-editor.elementor-drop-cap-view-framed .elementor-drop-cap{color:#69727d;border:3px solid;background-color:transparent}.elementor-widget-text-editor:not(.elementor-drop-cap-view-default) .elementor-drop-cap{margin-top:8px}.elementor-widget-text-editor:not(.elementor-drop-cap-view-default) .elementor-drop-cap-letter{width:1em;height:1em}.elementor-widget-text-editor .elementor-drop-cap{float:left;text-align:center;line-height:1;font-size:50px}.elementor-widget-text-editor .elementor-drop-cap-letter{display:inline-block}<\/style>\t\t\t\t<p>A La C\u00e0psula oferim un servei de lloguer d&#8217;equips de so a Sant Boi de Llobregat, pensat per satisfer les necessitats de so de petites i mitjanes sonoritzacions.<\/p>\n\t\t\t\t\t\t<\/div>\n\t\t\t\t<\/div>\n\t\t\t\t<div class=\"elementor-element elementor-element-9243985 elementor-widget elementor-widget-text-editor\" data-id=\"9243985\" data-element_type=\"widget\" data-widget_type=\"text-editor.default\">\n\t\t\t\t<div class=\"elementor-widget-container\">\n\t\t\t\t\t\t\t<p>El nostre cat\u00e0leg inclou PA, monitors, cablejat, DI, mangueres de connexi\u00f3, barra de focus, i lloguer de backline com bateries, amplificadors de guitarra, amplificadors de baix i teclats.<\/p>\n\t\t\t\t\t\t<\/div>\n\t\t\t\t<\/div>\n\t\t\t\t<div class=\"elementor-element elementor-element-f43386b elementor-widget elementor-widget-text-editor\" data-id=\"f43386b\" data-element_type=\"widget\" data-widget_type=\"text-editor.default\">\n\t\t\t\t<div class=\"elementor-widget-container\">\n\t\t\t\t\t\t\t<p>El nostre servei de lloguer d&#8217;equips de so a Sant Boi de Llobregat s&#8217;adapta a les teves necessitats, ja sigui un concert \u00edntim, una obra de teatre, una presentaci\u00f3 o qualsevol altre esdeveniment que requereixi un so de qualitat.<\/p>\n\t\t\t\t\t\t<\/div>\n\t\t\t\t<\/div>\n\t\t\t\t<div class=\"elementor-element elementor-element-9c6ce3f elementor-widget elementor-widget-image-gallery\" data-id=\"9c6ce3f\" data-element_type=\"widget\" data-widget_type=\"image-gallery.default\">\n\t\t\t\t<div class=\"elementor-widget-container\">\n\t\t\t<style>\/*! elementor - v3.21.0 - 22-05-2024 *\/\n.elementor-image-gallery .gallery-item{display:inline-block;text-align:center;vertical-align:top;width:100%;max-width:100%;margin:0 auto}.elementor-image-gallery .gallery-item img{margin:0 auto}.elementor-image-gallery .gallery-item .gallery-caption{margin:0}.elementor-image-gallery figure img{display:block}.elementor-image-gallery figure figcaption{width:100%}.gallery-spacing-custom .elementor-image-gallery .gallery-icon{padding:0}@media (min-width:768px){.elementor-image-gallery .gallery-columns-2 .gallery-item{max-width:50%}.elementor-image-gallery .gallery-columns-3 .gallery-item{max-width:33.33%}.elementor-image-gallery .gallery-columns-4 .gallery-item{max-width:25%}.elementor-image-gallery .gallery-columns-5 .gallery-item{max-width:20%}.elementor-image-gallery .gallery-columns-6 .gallery-item{max-width:16.666%}.elementor-image-gallery .gallery-columns-7 .gallery-item{max-width:14.28%}.elementor-image-gallery .gallery-columns-8 .gallery-item{max-width:12.5%}.elementor-image-gallery .gallery-columns-9 .gallery-item{max-width:11.11%}.elementor-image-gallery .gallery-columns-10 .gallery-item{max-width:10%}}@media (min-width:480px) and (max-width:767px){.elementor-image-gallery .gallery.gallery-columns-2 .gallery-item,.elementor-image-gallery .gallery.gallery-columns-3 .gallery-item,.elementor-image-gallery .gallery.gallery-columns-4 .gallery-item,.elementor-image-gallery .gallery.gallery-columns-5 .gallery-item,.elementor-image-gallery .gallery.gallery-columns-6 .gallery-item,.elementor-image-gallery .gallery.gallery-columns-7 .gallery-item,.elementor-image-gallery .gallery.gallery-columns-8 .gallery-item,.elementor-image-gallery .gallery.gallery-columns-9 .gallery-item,.elementor-image-gallery .gallery.gallery-columns-10 .gallery-item{max-width:50%}}@media (max-width:479px){.elementor-image-gallery .gallery.gallery-columns-2 .gallery-item,.elementor-image-gallery .gallery.gallery-columns-3 .gallery-item,.elementor-image-gallery .gallery.gallery-columns-4 .gallery-item,.elementor-image-gallery .gallery.gallery-columns-5 .gallery-item,.elementor-image-gallery .gallery.gallery-columns-6 .gallery-item,.elementor-image-gallery .gallery.gallery-columns-7 .gallery-item,.elementor-image-gallery .gallery.gallery-columns-8 .gallery-item,.elementor-image-gallery .gallery.gallery-columns-9 .gallery-item,.elementor-image-gallery .gallery.gallery-columns-10 .gallery-item{max-width:100%}}<\/style>\t\t<div class=\"elementor-image-gallery\">\n\t\t\t<div id='gallery-1' class='gallery galleryid-839 gallery-columns-3 gallery-size-kava-thumb-m'><figure class='gallery-item'>\n\t\t\t<div class='gallery-icon landscape'>\n\t\t\t\t<a data-elementor-open-lightbox=\"yes\" data-elementor-lightbox-slideshow=\"9c6ce3f\" data-e-action-hash=\"#elementor-action%3Aaction%3Dlightbox%26settings%3DeyJpZCI6Nzg2LCJ1cmwiOiJodHRwczpcL1wvY2Fwc3VsYW11c2ljYS5jb21cL3dwLWNvbnRlbnRcL3VwbG9hZHNcLzIwMjNcLzEyXC9BZG9iZVN0b2NrXzY3NzkwODU2NC1zY2FsZWQuanBlZyIsInNsaWRlc2hvdyI6IjljNmNlM2YifQ%3D%3D\" href='https:\/\/capsulamusica.com\/wp-content\/uploads\/2023\/12\/AdobeStock_677908564-scaled.jpeg'><img fetchpriority=\"high\" decoding=\"async\" width=\"400\" height=\"400\" src=\"https:\/\/capsulamusica.com\/wp-content\/uploads\/2023\/12\/AdobeStock_677908564-400x400.jpeg\" class=\"attachment-kava-thumb-m size-kava-thumb-m\" alt=\"\" srcset=\"https:\/\/capsulamusica.com\/wp-content\/uploads\/2023\/12\/AdobeStock_677908564-400x400.jpeg 400w, https:\/\/capsulamusica.com\/wp-content\/uploads\/2023\/12\/AdobeStock_677908564-150x150.jpeg 150w, https:\/\/capsulamusica.com\/wp-content\/uploads\/2023\/12\/AdobeStock_677908564-230x230.jpeg 230w, https:\/\/capsulamusica.com\/wp-content\/uploads\/2023\/12\/AdobeStock_677908564-640x640.jpeg 640w\" sizes=\"(max-width: 400px) 100vw, 400px\" \/><\/a>\n\t\t\t<\/div><\/figure><figure class='gallery-item'>\n\t\t\t<div class='gallery-icon landscape'>\n\t\t\t\t<a data-elementor-open-lightbox=\"yes\" data-elementor-lightbox-slideshow=\"9c6ce3f\" data-e-action-hash=\"#elementor-action%3Aaction%3Dlightbox%26settings%3DeyJpZCI6Nzg1LCJ1cmwiOiJodHRwczpcL1wvY2Fwc3VsYW11c2ljYS5jb21cL3dwLWNvbnRlbnRcL3VwbG9hZHNcLzIwMjNcLzEyXC9BZG9iZVN0b2NrXzY3MDMxNjEwNS1zY2FsZWQuanBlZyIsInNsaWRlc2hvdyI6IjljNmNlM2YifQ%3D%3D\" data-elementor-lightbox-title=\"guitar electric modern music rock musical equipment play concert instrument sound string vintage old wood black wall style retro wooden art closeup space studio nobody grunge\" href='https:\/\/capsulamusica.com\/wp-content\/uploads\/2023\/12\/AdobeStock_670316105-scaled.jpeg'><img decoding=\"async\" width=\"400\" height=\"400\" src=\"https:\/\/capsulamusica.com\/wp-content\/uploads\/2023\/12\/AdobeStock_670316105-400x400.jpeg\" class=\"attachment-kava-thumb-m size-kava-thumb-m\" alt=\"\" srcset=\"https:\/\/capsulamusica.com\/wp-content\/uploads\/2023\/12\/AdobeStock_670316105-400x400.jpeg 400w, https:\/\/capsulamusica.com\/wp-content\/uploads\/2023\/12\/AdobeStock_670316105-150x150.jpeg 150w, https:\/\/capsulamusica.com\/wp-content\/uploads\/2023\/12\/AdobeStock_670316105-230x230.jpeg 230w, https:\/\/capsulamusica.com\/wp-content\/uploads\/2023\/12\/AdobeStock_670316105-640x640.jpeg 640w\" sizes=\"(max-width: 400px) 100vw, 400px\" \/><\/a>\n\t\t\t<\/div><\/figure><figure class='gallery-item'>\n\t\t\t<div class='gallery-icon landscape'>\n\t\t\t\t<a data-elementor-open-lightbox=\"yes\" data-elementor-lightbox-slideshow=\"9c6ce3f\" data-e-action-hash=\"#elementor-action%3Aaction%3Dlightbox%26settings%3DeyJpZCI6NzgzLCJ1cmwiOiJodHRwczpcL1wvY2Fwc3VsYW11c2ljYS5jb21cL3dwLWNvbnRlbnRcL3VwbG9hZHNcLzIwMjNcLzEyXC9BZG9iZVN0b2NrXzYxMzc5ODA2OS1zY2FsZWQuanBlZyIsInNsaWRlc2hvdyI6IjljNmNlM2YifQ%3D%3D\" data-elementor-lightbox-title=\"guitar electric modern music rock musical equipment play concert instrument sound string vintage old wood black wall style retro wooden art closeup space studio nobody grunge\" href='https:\/\/capsulamusica.com\/wp-content\/uploads\/2023\/12\/AdobeStock_613798069-scaled.jpeg'><img decoding=\"async\" width=\"400\" height=\"400\" src=\"https:\/\/capsulamusica.com\/wp-content\/uploads\/2023\/12\/AdobeStock_613798069-400x400.jpeg\" class=\"attachment-kava-thumb-m size-kava-thumb-m\" alt=\"\" srcset=\"https:\/\/capsulamusica.com\/wp-content\/uploads\/2023\/12\/AdobeStock_613798069-400x400.jpeg 400w, https:\/\/capsulamusica.com\/wp-content\/uploads\/2023\/12\/AdobeStock_613798069-150x150.jpeg 150w, https:\/\/capsulamusica.com\/wp-content\/uploads\/2023\/12\/AdobeStock_613798069-230x230.jpeg 230w, https:\/\/capsulamusica.com\/wp-content\/uploads\/2023\/12\/AdobeStock_613798069-640x640.jpeg 640w\" sizes=\"(max-width: 400px) 100vw, 400px\" \/><\/a>\n\t\t\t<\/div><\/figure>\n\t\t<\/div>\n\t\t<\/div>\n\t\t\t\t<\/div>\n\t\t\t\t<\/div>\n\t\t\t\t\t<\/div>\n\t\t<\/div>\n\t\t\t\t\t<\/div>\n\t\t<\/section>\n\t\t\t\t<section class=\"elementor-section elementor-top-section elementor-element elementor-element-f551d11 elementor-section-stretched elementor-section-boxed elementor-section-height-default elementor-section-height-default\" data-id=\"f551d11\" data-element_type=\"section\" data-settings=\"{&quot;stretch_section&quot;:&quot;section-stretched&quot;,&quot;jet_parallax_layout_list&quot;:[],&quot;background_background&quot;:&quot;classic&quot;}\">\n\t\t\t\t\t\t<div class=\"elementor-container elementor-column-gap-no\">\n\t\t\t\t\t<div class=\"elementor-column elementor-col-100 elementor-top-column elementor-element elementor-element-db76deb\" data-id=\"db76deb\" data-element_type=\"column\">\n\t\t\t<div class=\"elementor-widget-wrap elementor-element-populated\">\n\t\t\t\t\t\t<div class=\"elementor-element elementor-element-746b73c elementor-widget elementor-widget-heading\" data-id=\"746b73c\" data-element_type=\"widget\" data-widget_type=\"heading.default\">\n\t\t\t\t<div class=\"elementor-widget-container\">\n\t\t\t<h1 class=\"elementor-heading-title elementor-size-default\">T\u00e8cnics de so<\/h1>\t\t<\/div>\n\t\t\t\t<\/div>\n\t\t\t\t<div class=\"elementor-element elementor-element-ebaa9c8 elementor-widget elementor-widget-text-editor\" data-id=\"ebaa9c8\" data-element_type=\"widget\" data-widget_type=\"text-editor.default\">\n\t\t\t\t<div class=\"elementor-widget-container\">\n\t\t\t\t\t\t\t<p>Vols sonoritzar un esdeveniment o un concert? A La C\u00e0psula comptem amb el millor equip de t\u00e8cnics de so professionals!<\/p>\n\t\t\t\t\t\t<\/div>\n\t\t\t\t<\/div>\n\t\t\t\t<div class=\"elementor-element elementor-element-533b2d9 elementor-widget elementor-widget-text-editor\" data-id=\"533b2d9\" data-element_type=\"widget\" data-widget_type=\"text-editor.default\">\n\t\t\t\t<div class=\"elementor-widget-container\">\n\t\t\t\t\t\t\t<p>Ens encarreguem del muntatge, control de so i llums durant l&#8217;esdeveniment, aix\u00ed com la recollida posterior.<\/p>\n\t\t\t\t\t\t<\/div>\n\t\t\t\t<\/div>\n\t\t\t\t<div class=\"elementor-element elementor-element-741c1f9 elementor-widget elementor-widget-text-editor\" data-id=\"741c1f9\" data-element_type=\"widget\" data-widget_type=\"text-editor.default\">\n\t\t\t\t<div class=\"elementor-widget-container\">\n\t\t\t\t\t\t\t<p>Els nostres t\u00e8cnics de so estan disponibles per treballar en qualsevol lloc de Sant Boi de Llobregat i els seus voltants. Les tarifes comencen des de 22\u20ac + IVA per hora de treball per t\u00e8cnic, m\u00e9s el lloguer de l&#8217;equip necessari. Tamb\u00e9 s&#8217;apliquen tarifes de despla\u00e7ament segons la ubicaci\u00f3 de l&#8217;esdeveniment. Recomanem sol\u00b7licitar el servei amb almenys dues setmanes d&#8217;antelaci\u00f3.<\/p>\n\t\t\t\t\t\t<\/div>\n\t\t\t\t<\/div>\n\t\t\t\t<div class=\"elementor-element elementor-element-6a61730 elementor-widget elementor-widget-text-editor\" data-id=\"6a61730\" data-element_type=\"widget\" data-widget_type=\"text-editor.default\">\n\t\t\t\t<div class=\"elementor-widget-container\">\n\t\t\t\t\t\t\t<p>El nostre objectiu \u00e9s proporcionar un servei de lloguer d&#8217;equips de so a Sant Boi de Llobregat i t\u00e8cnics professionals que permetin als nostres clients expressar-se a trav\u00e9s de la m\u00fasica de la millor manera possible.<\/p>\n\t\t\t\t\t\t<\/div>\n\t\t\t\t<\/div>\n\t\t\t\t\t<\/div>\n\t\t<\/div>\n\t\t\t\t\t<\/div>\n\t\t<\/section>\n\t\t<div class=\"elementor-element elementor-element-297c5c8 e-flex e-con-boxed e-con e-parent\" data-id=\"297c5c8\" data-element_type=\"container\" data-settings=\"{&quot;background_background&quot;:&quot;classic&quot;,&quot;jet_parallax_layout_list&quot;:[]}\">\n\t\t\t\t\t<div class=\"e-con-inner\">\n\t\t\t\t\t<\/div>\n\t\t\t\t<\/div>\n\t\t\t\t<\/div>\n\t\t","protected":false},"excerpt":{"rendered":"<p>El teu so, la nostra passi\u00f3 Lloguer d&#8217;equips de so a Sant Boi de Llobregat A La C\u00e0psula oferim un servei de lloguer d&#8217;equips de so a Sant Boi de Llobregat, pensat per satisfer les necessitats de so de petites i mitjanes sonoritzacions. El nostre cat\u00e0leg inclou PA, monitors, cablejat, DI, mangueres de connexi\u00f3, barra [&hellip;]<\/p>\n","protected":false},"author":1,"featured_media":0,"parent":0,"menu_order":0,"comment_status":"closed","ping_status":"closed","template":"elementor_header_footer","meta":{"footnotes":""},"class_list":["post-839","page","type-page","status-publish","hentry"],"yoast_head":"<!-- This site is optimized with the Yoast SEO plugin v27.3 - https:\/\/yoast.com\/product\/yoast-seo-wordpress\/ -->\n<title>Lloguer d&#039;equips de so a Sant Boi de Llobregat | La C\u00e0psula<\/title>\n<meta name=\"description\" content=\"Descobreix La C\u00e0psula, el teu aliat en lloguer de so i suport amb t\u00e8cnics de so a Sant Boi de Llobregat. Fes que el teu esdeveniment soni!\" \/>\n<meta name=\"robots\" content=\"index, follow, max-snippet:-1, max-image-preview:large, max-video-preview:-1\" \/>\n<link rel=\"canonical\" href=\"https:\/\/capsulamusica.com\/ca\/lloguer-dequips-de-so-a-sant-boi-de-llobregat\/\" \/>\n<meta property=\"og:locale\" content=\"ca_ES\" \/>\n<meta property=\"og:type\" content=\"article\" \/>\n<meta property=\"og:title\" content=\"Lloguer d&#039;equips de so a Sant Boi de Llobregat | La C\u00e0psula\" \/>\n<meta property=\"og:description\" content=\"Descobreix La C\u00e0psula, el teu aliat en lloguer de so i suport amb t\u00e8cnics de so a Sant Boi de Llobregat. Fes que el teu esdeveniment soni!\" \/>\n<meta property=\"og:url\" content=\"https:\/\/capsulamusica.com\/ca\/lloguer-dequips-de-so-a-sant-boi-de-llobregat\/\" \/>\n<meta property=\"og:site_name\" content=\"La C\u00e1psula\" \/>\n<meta property=\"article:modified_time\" content=\"2024-03-04T11:07:22+00:00\" \/>\n<meta property=\"og:image\" content=\"https:\/\/capsulamusica.com\/wp-content\/uploads\/2023\/12\/AdobeStock_677908564-400x400.jpeg\" \/>\n<meta name=\"twitter:card\" content=\"summary_large_image\" \/>\n<meta name=\"twitter:label1\" content=\"Temps estimat de lectura\" \/>\n\t<meta name=\"twitter:data1\" content=\"1 minut\" \/>\n<script type=\"application\/ld+json\" class=\"yoast-schema-graph\">{\"@context\":\"https:\\\/\\\/schema.org\",\"@graph\":[{\"@type\":\"WebPage\",\"@id\":\"https:\\\/\\\/capsulamusica.com\\\/ca\\\/lloguer-dequips-de-so-a-sant-boi-de-llobregat\\\/\",\"url\":\"https:\\\/\\\/capsulamusica.com\\\/ca\\\/lloguer-dequips-de-so-a-sant-boi-de-llobregat\\\/\",\"name\":\"Lloguer d'equips de so a Sant Boi de Llobregat | La C\u00e0psula\",\"isPartOf\":{\"@id\":\"https:\\\/\\\/capsulamusica.com\\\/ca\\\/#website\"},\"primaryImageOfPage\":{\"@id\":\"https:\\\/\\\/capsulamusica.com\\\/ca\\\/lloguer-dequips-de-so-a-sant-boi-de-llobregat\\\/#primaryimage\"},\"image\":{\"@id\":\"https:\\\/\\\/capsulamusica.com\\\/ca\\\/lloguer-dequips-de-so-a-sant-boi-de-llobregat\\\/#primaryimage\"},\"thumbnailUrl\":\"https:\\\/\\\/capsulamusica.com\\\/wp-content\\\/uploads\\\/2023\\\/12\\\/AdobeStock_677908564-400x400.jpeg\",\"datePublished\":\"2023-10-03T13:22:45+00:00\",\"dateModified\":\"2024-03-04T11:07:22+00:00\",\"description\":\"Descobreix La C\u00e0psula, el teu aliat en lloguer de so i suport amb t\u00e8cnics de so a Sant Boi de Llobregat. Fes que el teu esdeveniment soni!\",\"breadcrumb\":{\"@id\":\"https:\\\/\\\/capsulamusica.com\\\/ca\\\/lloguer-dequips-de-so-a-sant-boi-de-llobregat\\\/#breadcrumb\"},\"inLanguage\":\"ca\",\"potentialAction\":[{\"@type\":\"ReadAction\",\"target\":[\"https:\\\/\\\/capsulamusica.com\\\/ca\\\/lloguer-dequips-de-so-a-sant-boi-de-llobregat\\\/\"]}]},{\"@type\":\"ImageObject\",\"inLanguage\":\"ca\",\"@id\":\"https:\\\/\\\/capsulamusica.com\\\/ca\\\/lloguer-dequips-de-so-a-sant-boi-de-llobregat\\\/#primaryimage\",\"url\":\"https:\\\/\\\/capsulamusica.com\\\/wp-content\\\/uploads\\\/2023\\\/12\\\/AdobeStock_677908564-400x400.jpeg\",\"contentUrl\":\"https:\\\/\\\/capsulamusica.com\\\/wp-content\\\/uploads\\\/2023\\\/12\\\/AdobeStock_677908564-400x400.jpeg\"},{\"@type\":\"BreadcrumbList\",\"@id\":\"https:\\\/\\\/capsulamusica.com\\\/ca\\\/lloguer-dequips-de-so-a-sant-boi-de-llobregat\\\/#breadcrumb\",\"itemListElement\":[{\"@type\":\"ListItem\",\"position\":1,\"name\":\"Portada\",\"item\":\"https:\\\/\\\/capsulamusica.com\\\/ca\\\/\"},{\"@type\":\"ListItem\",\"position\":2,\"name\":\"Lloguer d&#8217;equips de so a Sant Boi de Llobregat\"}]},{\"@type\":\"WebSite\",\"@id\":\"https:\\\/\\\/capsulamusica.com\\\/ca\\\/#website\",\"url\":\"https:\\\/\\\/capsulamusica.com\\\/ca\\\/\",\"name\":\"La C\u00e1psula\",\"description\":\"La C\u00e1psula en Sant Boi de Llobregat\",\"potentialAction\":[{\"@type\":\"SearchAction\",\"target\":{\"@type\":\"EntryPoint\",\"urlTemplate\":\"https:\\\/\\\/capsulamusica.com\\\/ca\\\/?s={search_term_string}\"},\"query-input\":{\"@type\":\"PropertyValueSpecification\",\"valueRequired\":true,\"valueName\":\"search_term_string\"}}],\"inLanguage\":\"ca\"}]}<\/script>\n<!-- \/ Yoast SEO plugin. -->","yoast_head_json":{"title":"Lloguer d'equips de so a Sant Boi de Llobregat | La C\u00e0psula","description":"Descobreix La C\u00e0psula, el teu aliat en lloguer de so i suport amb t\u00e8cnics de so a Sant Boi de Llobregat. Fes que el teu esdeveniment soni!","robots":{"index":"index","follow":"follow","max-snippet":"max-snippet:-1","max-image-preview":"max-image-preview:large","max-video-preview":"max-video-preview:-1"},"canonical":"https:\/\/capsulamusica.com\/ca\/lloguer-dequips-de-so-a-sant-boi-de-llobregat\/","og_locale":"ca_ES","og_type":"article","og_title":"Lloguer d'equips de so a Sant Boi de Llobregat | La C\u00e0psula","og_description":"Descobreix La C\u00e0psula, el teu aliat en lloguer de so i suport amb t\u00e8cnics de so a Sant Boi de Llobregat. Fes que el teu esdeveniment soni!","og_url":"https:\/\/capsulamusica.com\/ca\/lloguer-dequips-de-so-a-sant-boi-de-llobregat\/","og_site_name":"La C\u00e1psula","article_modified_time":"2024-03-04T11:07:22+00:00","og_image":[{"url":"https:\/\/capsulamusica.com\/wp-content\/uploads\/2023\/12\/AdobeStock_677908564-400x400.jpeg","type":"","width":"","height":""}],"twitter_card":"summary_large_image","twitter_misc":{"Temps estimat de lectura":"1 minut"},"schema":{"@context":"https:\/\/schema.org","@graph":[{"@type":"WebPage","@id":"https:\/\/capsulamusica.com\/ca\/lloguer-dequips-de-so-a-sant-boi-de-llobregat\/","url":"https:\/\/capsulamusica.com\/ca\/lloguer-dequips-de-so-a-sant-boi-de-llobregat\/","name":"Lloguer d'equips de so a Sant Boi de Llobregat | La C\u00e0psula","isPartOf":{"@id":"https:\/\/capsulamusica.com\/ca\/#website"},"primaryImageOfPage":{"@id":"https:\/\/capsulamusica.com\/ca\/lloguer-dequips-de-so-a-sant-boi-de-llobregat\/#primaryimage"},"image":{"@id":"https:\/\/capsulamusica.com\/ca\/lloguer-dequips-de-so-a-sant-boi-de-llobregat\/#primaryimage"},"thumbnailUrl":"https:\/\/capsulamusica.com\/wp-content\/uploads\/2023\/12\/AdobeStock_677908564-400x400.jpeg","datePublished":"2023-10-03T13:22:45+00:00","dateModified":"2024-03-04T11:07:22+00:00","description":"Descobreix La C\u00e0psula, el teu aliat en lloguer de so i suport amb t\u00e8cnics de so a Sant Boi de Llobregat. Fes que el teu esdeveniment soni!","breadcrumb":{"@id":"https:\/\/capsulamusica.com\/ca\/lloguer-dequips-de-so-a-sant-boi-de-llobregat\/#breadcrumb"},"inLanguage":"ca","potentialAction":[{"@type":"ReadAction","target":["https:\/\/capsulamusica.com\/ca\/lloguer-dequips-de-so-a-sant-boi-de-llobregat\/"]}]},{"@type":"ImageObject","inLanguage":"ca","@id":"https:\/\/capsulamusica.com\/ca\/lloguer-dequips-de-so-a-sant-boi-de-llobregat\/#primaryimage","url":"https:\/\/capsulamusica.com\/wp-content\/uploads\/2023\/12\/AdobeStock_677908564-400x400.jpeg","contentUrl":"https:\/\/capsulamusica.com\/wp-content\/uploads\/2023\/12\/AdobeStock_677908564-400x400.jpeg"},{"@type":"BreadcrumbList","@id":"https:\/\/capsulamusica.com\/ca\/lloguer-dequips-de-so-a-sant-boi-de-llobregat\/#breadcrumb","itemListElement":[{"@type":"ListItem","position":1,"name":"Portada","item":"https:\/\/capsulamusica.com\/ca\/"},{"@type":"ListItem","position":2,"name":"Lloguer d&#8217;equips de so a Sant Boi de Llobregat"}]},{"@type":"WebSite","@id":"https:\/\/capsulamusica.com\/ca\/#website","url":"https:\/\/capsulamusica.com\/ca\/","name":"La C\u00e1psula","description":"La C\u00e1psula en Sant Boi de Llobregat","potentialAction":[{"@type":"SearchAction","target":{"@type":"EntryPoint","urlTemplate":"https:\/\/capsulamusica.com\/ca\/?s={search_term_string}"},"query-input":{"@type":"PropertyValueSpecification","valueRequired":true,"valueName":"search_term_string"}}],"inLanguage":"ca"}]}},"_links":{"self":[{"href":"https:\/\/capsulamusica.com\/ca\/wp-json\/wp\/v2\/pages\/839","targetHints":{"allow":["GET"]}}],"collection":[{"href":"https:\/\/capsulamusica.com\/ca\/wp-json\/wp\/v2\/pages"}],"about":[{"href":"https:\/\/capsulamusica.com\/ca\/wp-json\/wp\/v2\/types\/page"}],"author":[{"embeddable":true,"href":"https:\/\/capsulamusica.com\/ca\/wp-json\/wp\/v2\/users\/1"}],"replies":[{"embeddable":true,"href":"https:\/\/capsulamusica.com\/ca\/wp-json\/wp\/v2\/comments?post=839"}],"version-history":[{"count":3,"href":"https:\/\/capsulamusica.com\/ca\/wp-json\/wp\/v2\/pages\/839\/revisions"}],"predecessor-version":[{"id":842,"href":"https:\/\/capsulamusica.com\/ca\/wp-json\/wp\/v2\/pages\/839\/revisions\/842"}],"wp:attachment":[{"href":"https:\/\/capsulamusica.com\/ca\/wp-json\/wp\/v2\/media?parent=839"}],"curies":[{"name":"wp","href":"https:\/\/api.w.org\/{rel}","templated":true}]}}