{"id":845,"date":"2023-10-03T13:23:53","date_gmt":"2023-10-03T13:23:53","guid":{"rendered":"https:\/\/capsulamusica.com\/venda-daccessoris\/"},"modified":"2024-03-04T14:06:35","modified_gmt":"2024-03-04T14:06:35","slug":"venda-daccessoris","status":"publish","type":"page","link":"https:\/\/capsulamusica.com\/ca\/venda-daccessoris\/","title":{"rendered":"Venda d&#8217;accessoris"},"content":{"rendered":"\t\t<div data-elementor-type=\"wp-page\" data-elementor-id=\"845\" class=\"elementor elementor-845 elementor-448\">\n\t\t\t\t\t\t<section class=\"elementor-section elementor-top-section elementor-element elementor-element-03cfd98 elementor-section-height-min-height elementor-section-boxed elementor-section-height-default elementor-section-items-middle\" data-id=\"03cfd98\" data-element_type=\"section\" data-settings=\"{&quot;jet_parallax_layout_list&quot;:[],&quot;background_background&quot;:&quot;classic&quot;}\">\n\t\t\t\t\t\t\t<div class=\"elementor-background-overlay\"><\/div>\n\t\t\t\t\t\t\t<div class=\"elementor-container elementor-column-gap-default\">\n\t\t\t\t\t<div class=\"elementor-column elementor-col-100 elementor-top-column elementor-element elementor-element-1f7541b\" data-id=\"1f7541b\" data-element_type=\"column\">\n\t\t\t<div class=\"elementor-widget-wrap elementor-element-populated\">\n\t\t\t\t\t\t<div class=\"elementor-element elementor-element-f92b13c elementor-widget elementor-widget-heading\" data-id=\"f92b13c\" data-element_type=\"widget\" data-widget_type=\"heading.default\">\n\t\t\t\t<div class=\"elementor-widget-container\">\n\t\t\t<style>\/*! elementor - v3.21.0 - 22-05-2024 *\/\n.elementor-heading-title{padding:0;margin:0;line-height:1}.elementor-widget-heading .elementor-heading-title[class*=elementor-size-]>a{color:inherit;font-size:inherit;line-height:inherit}.elementor-widget-heading .elementor-heading-title.elementor-size-small{font-size:15px}.elementor-widget-heading .elementor-heading-title.elementor-size-medium{font-size:19px}.elementor-widget-heading .elementor-heading-title.elementor-size-large{font-size:29px}.elementor-widget-heading .elementor-heading-title.elementor-size-xl{font-size:39px}.elementor-widget-heading .elementor-heading-title.elementor-size-xxl{font-size:59px}<\/style><p class=\"elementor-heading-title elementor-size-default\">La teva botiga d'instruments<\/p>\t\t<\/div>\n\t\t\t\t<\/div>\n\t\t\t\t\t<\/div>\n\t\t<\/div>\n\t\t\t\t\t<\/div>\n\t\t<\/section>\n\t\t\t\t<section class=\"elementor-section elementor-top-section elementor-element elementor-element-56163aa elementor-section-stretched elementor-section-boxed elementor-section-height-default elementor-section-height-default\" data-id=\"56163aa\" data-element_type=\"section\" data-settings=\"{&quot;stretch_section&quot;:&quot;section-stretched&quot;,&quot;jet_parallax_layout_list&quot;:[],&quot;background_background&quot;:&quot;classic&quot;}\">\n\t\t\t\t\t\t<div class=\"elementor-container elementor-column-gap-no\">\n\t\t\t\t\t<div class=\"elementor-column elementor-col-100 elementor-top-column elementor-element elementor-element-55b8f3f\" data-id=\"55b8f3f\" data-element_type=\"column\">\n\t\t\t<div class=\"elementor-widget-wrap elementor-element-populated\">\n\t\t\t\t\t\t<div class=\"elementor-element elementor-element-adcd1f5 elementor-widget elementor-widget-heading\" data-id=\"adcd1f5\" data-element_type=\"widget\" data-widget_type=\"heading.default\">\n\t\t\t\t<div class=\"elementor-widget-container\">\n\t\t\t<h1 class=\"elementor-heading-title elementor-size-default\">Instruments a Sant Boi de Llobregat<\/h1>\t\t<\/div>\n\t\t\t\t<\/div>\n\t\t\t\t<div class=\"elementor-element elementor-element-241283b elementor-widget elementor-widget-text-editor\" data-id=\"241283b\" data-element_type=\"widget\" data-widget_type=\"text-editor.default\">\n\t\t\t\t<div class=\"elementor-widget-container\">\n\t\t\t<style>\/*! elementor - v3.21.0 - 22-05-2024 *\/\n.elementor-widget-text-editor.elementor-drop-cap-view-stacked .elementor-drop-cap{background-color:#69727d;color:#fff}.elementor-widget-text-editor.elementor-drop-cap-view-framed .elementor-drop-cap{color:#69727d;border:3px solid;background-color:transparent}.elementor-widget-text-editor:not(.elementor-drop-cap-view-default) .elementor-drop-cap{margin-top:8px}.elementor-widget-text-editor:not(.elementor-drop-cap-view-default) .elementor-drop-cap-letter{width:1em;height:1em}.elementor-widget-text-editor .elementor-drop-cap{float:left;text-align:center;line-height:1;font-size:50px}.elementor-widget-text-editor .elementor-drop-cap-letter{display:inline-block}<\/style>\t\t\t\t<p>Est\u00e0s buscant instruments a Sant Boi de Llobregat A la nostra botiga d&#8217;instruments tenim una \u00e0mplia gamma d&#8217;accessoris b\u00e0sics d&#8217;instruments a preus competitius. Des de la venda de baquetes fins a cordes de guitarra, tenim tot el que necessites per seguir tocant el teu instrument preferit.<\/p>\n\t\t\t\t\t\t<\/div>\n\t\t\t\t<\/div>\n\t\t\t\t<div class=\"elementor-element elementor-element-8dc98c0 elementor-widget elementor-widget-text-editor\" data-id=\"8dc98c0\" data-element_type=\"widget\" data-widget_type=\"text-editor.default\">\n\t\t\t\t<div class=\"elementor-widget-container\">\n\t\t\t\t\t\t\t<p>Tenim una gran varietat de marques i estils per triar!<\/p>\n\t\t\t\t\t\t<\/div>\n\t\t\t\t<\/div>\n\t\t\t\t<div class=\"elementor-element elementor-element-7aa416c elementor-widget elementor-widget-image-gallery\" data-id=\"7aa416c\" data-element_type=\"widget\" data-widget_type=\"image-gallery.default\">\n\t\t\t\t<div class=\"elementor-widget-container\">\n\t\t\t<style>\/*! elementor - v3.21.0 - 22-05-2024 *\/\n.elementor-image-gallery .gallery-item{display:inline-block;text-align:center;vertical-align:top;width:100%;max-width:100%;margin:0 auto}.elementor-image-gallery .gallery-item img{margin:0 auto}.elementor-image-gallery .gallery-item .gallery-caption{margin:0}.elementor-image-gallery figure img{display:block}.elementor-image-gallery figure figcaption{width:100%}.gallery-spacing-custom .elementor-image-gallery .gallery-icon{padding:0}@media (min-width:768px){.elementor-image-gallery .gallery-columns-2 .gallery-item{max-width:50%}.elementor-image-gallery .gallery-columns-3 .gallery-item{max-width:33.33%}.elementor-image-gallery .gallery-columns-4 .gallery-item{max-width:25%}.elementor-image-gallery .gallery-columns-5 .gallery-item{max-width:20%}.elementor-image-gallery .gallery-columns-6 .gallery-item{max-width:16.666%}.elementor-image-gallery .gallery-columns-7 .gallery-item{max-width:14.28%}.elementor-image-gallery .gallery-columns-8 .gallery-item{max-width:12.5%}.elementor-image-gallery .gallery-columns-9 .gallery-item{max-width:11.11%}.elementor-image-gallery .gallery-columns-10 .gallery-item{max-width:10%}}@media (min-width:480px) and (max-width:767px){.elementor-image-gallery .gallery.gallery-columns-2 .gallery-item,.elementor-image-gallery .gallery.gallery-columns-3 .gallery-item,.elementor-image-gallery .gallery.gallery-columns-4 .gallery-item,.elementor-image-gallery .gallery.gallery-columns-5 .gallery-item,.elementor-image-gallery .gallery.gallery-columns-6 .gallery-item,.elementor-image-gallery .gallery.gallery-columns-7 .gallery-item,.elementor-image-gallery .gallery.gallery-columns-8 .gallery-item,.elementor-image-gallery .gallery.gallery-columns-9 .gallery-item,.elementor-image-gallery .gallery.gallery-columns-10 .gallery-item{max-width:50%}}@media (max-width:479px){.elementor-image-gallery .gallery.gallery-columns-2 .gallery-item,.elementor-image-gallery .gallery.gallery-columns-3 .gallery-item,.elementor-image-gallery .gallery.gallery-columns-4 .gallery-item,.elementor-image-gallery .gallery.gallery-columns-5 .gallery-item,.elementor-image-gallery .gallery.gallery-columns-6 .gallery-item,.elementor-image-gallery .gallery.gallery-columns-7 .gallery-item,.elementor-image-gallery .gallery.gallery-columns-8 .gallery-item,.elementor-image-gallery .gallery.gallery-columns-9 .gallery-item,.elementor-image-gallery .gallery.gallery-columns-10 .gallery-item{max-width:100%}}<\/style>\t\t<div class=\"elementor-image-gallery\">\n\t\t\t<div id='gallery-1' class='gallery galleryid-845 gallery-columns-3 gallery-size-kava-thumb-m'><figure class='gallery-item'>\n\t\t\t<div class='gallery-icon landscape'>\n\t\t\t\t<a data-elementor-open-lightbox=\"yes\" data-elementor-lightbox-slideshow=\"7aa416c\" data-e-action-hash=\"#elementor-action%3Aaction%3Dlightbox%26settings%3DeyJpZCI6Nzg5LCJ1cmwiOiJodHRwczpcL1wvY2Fwc3VsYW11c2ljYS5jb21cL3dwLWNvbnRlbnRcL3VwbG9hZHNcLzIwMjNcLzEyXC9BZG9iZVN0b2NrXzI0ODkwMTcyNS1zY2FsZWQuanBlZyIsInNsaWRlc2hvdyI6IjdhYTQxNmMifQ%3D%3D\" href='https:\/\/capsulamusica.com\/wp-content\/uploads\/2023\/12\/AdobeStock_248901725-scaled.jpeg'><img fetchpriority=\"high\" decoding=\"async\" width=\"400\" height=\"400\" src=\"https:\/\/capsulamusica.com\/wp-content\/uploads\/2023\/12\/AdobeStock_248901725-400x400.jpeg\" class=\"attachment-kava-thumb-m size-kava-thumb-m\" alt=\"\" srcset=\"https:\/\/capsulamusica.com\/wp-content\/uploads\/2023\/12\/AdobeStock_248901725-400x400.jpeg 400w, https:\/\/capsulamusica.com\/wp-content\/uploads\/2023\/12\/AdobeStock_248901725-150x150.jpeg 150w, https:\/\/capsulamusica.com\/wp-content\/uploads\/2023\/12\/AdobeStock_248901725-230x230.jpeg 230w, https:\/\/capsulamusica.com\/wp-content\/uploads\/2023\/12\/AdobeStock_248901725-640x640.jpeg 640w\" sizes=\"(max-width: 400px) 100vw, 400px\" \/><\/a>\n\t\t\t<\/div><\/figure><figure class='gallery-item'>\n\t\t\t<div class='gallery-icon landscape'>\n\t\t\t\t<a data-elementor-open-lightbox=\"yes\" data-elementor-lightbox-slideshow=\"7aa416c\" data-e-action-hash=\"#elementor-action%3Aaction%3Dlightbox%26settings%3DeyJpZCI6NzkxLCJ1cmwiOiJodHRwczpcL1wvY2Fwc3VsYW11c2ljYS5jb21cL3dwLWNvbnRlbnRcL3VwbG9hZHNcLzIwMjNcLzEyXC9BZG9iZVN0b2NrXzM0OTMwOTA4My1zY2FsZWQuanBlZyIsInNsaWRlc2hvdyI6IjdhYTQxNmMifQ%3D%3D\" href='https:\/\/capsulamusica.com\/wp-content\/uploads\/2023\/12\/AdobeStock_349309083-scaled.jpeg'><img decoding=\"async\" width=\"400\" height=\"400\" src=\"https:\/\/capsulamusica.com\/wp-content\/uploads\/2023\/12\/AdobeStock_349309083-400x400.jpeg\" class=\"attachment-kava-thumb-m size-kava-thumb-m\" alt=\"\" srcset=\"https:\/\/capsulamusica.com\/wp-content\/uploads\/2023\/12\/AdobeStock_349309083-400x400.jpeg 400w, https:\/\/capsulamusica.com\/wp-content\/uploads\/2023\/12\/AdobeStock_349309083-150x150.jpeg 150w, https:\/\/capsulamusica.com\/wp-content\/uploads\/2023\/12\/AdobeStock_349309083-230x230.jpeg 230w, https:\/\/capsulamusica.com\/wp-content\/uploads\/2023\/12\/AdobeStock_349309083-640x640.jpeg 640w\" sizes=\"(max-width: 400px) 100vw, 400px\" \/><\/a>\n\t\t\t<\/div><\/figure><figure class='gallery-item'>\n\t\t\t<div class='gallery-icon landscape'>\n\t\t\t\t<a data-elementor-open-lightbox=\"yes\" data-elementor-lightbox-slideshow=\"7aa416c\" data-e-action-hash=\"#elementor-action%3Aaction%3Dlightbox%26settings%3DeyJpZCI6NzkwLCJ1cmwiOiJodHRwczpcL1wvY2Fwc3VsYW11c2ljYS5jb21cL3dwLWNvbnRlbnRcL3VwbG9hZHNcLzIwMjNcLzEyXC9BZG9iZVN0b2NrXzk4NTkxODgyLXNjYWxlZC5qcGVnIiwic2xpZGVzaG93IjoiN2FhNDE2YyJ9\" href='https:\/\/capsulamusica.com\/wp-content\/uploads\/2023\/12\/AdobeStock_98591882-scaled.jpeg'><img decoding=\"async\" width=\"400\" height=\"400\" src=\"https:\/\/capsulamusica.com\/wp-content\/uploads\/2023\/12\/AdobeStock_98591882-400x400.jpeg\" class=\"attachment-kava-thumb-m size-kava-thumb-m\" alt=\"\" srcset=\"https:\/\/capsulamusica.com\/wp-content\/uploads\/2023\/12\/AdobeStock_98591882-400x400.jpeg 400w, https:\/\/capsulamusica.com\/wp-content\/uploads\/2023\/12\/AdobeStock_98591882-150x150.jpeg 150w, https:\/\/capsulamusica.com\/wp-content\/uploads\/2023\/12\/AdobeStock_98591882-230x230.jpeg 230w, https:\/\/capsulamusica.com\/wp-content\/uploads\/2023\/12\/AdobeStock_98591882-640x640.jpeg 640w\" sizes=\"(max-width: 400px) 100vw, 400px\" \/><\/a>\n\t\t\t<\/div><\/figure>\n\t\t<\/div>\n\t\t<\/div>\n\t\t\t\t<\/div>\n\t\t\t\t<\/div>\n\t\t\t\t\t<\/div>\n\t\t<\/div>\n\t\t\t\t\t<\/div>\n\t\t<\/section>\n\t\t\t\t<section class=\"elementor-section elementor-top-section elementor-element elementor-element-9ab7896 elementor-section-stretched elementor-section-boxed elementor-section-height-default elementor-section-height-default\" data-id=\"9ab7896\" data-element_type=\"section\" data-settings=\"{&quot;stretch_section&quot;:&quot;section-stretched&quot;,&quot;jet_parallax_layout_list&quot;:[],&quot;background_background&quot;:&quot;classic&quot;}\">\n\t\t\t\t\t\t<div class=\"elementor-container elementor-column-gap-no\">\n\t\t\t\t\t<div class=\"elementor-column elementor-col-100 elementor-top-column elementor-element elementor-element-5c7719c\" data-id=\"5c7719c\" data-element_type=\"column\">\n\t\t\t<div class=\"elementor-widget-wrap elementor-element-populated\">\n\t\t\t\t\t\t<div class=\"elementor-element elementor-element-3d3f53f elementor-widget elementor-widget-heading\" data-id=\"3d3f53f\" data-element_type=\"widget\" data-widget_type=\"heading.default\">\n\t\t\t\t<div class=\"elementor-widget-container\">\n\t\t\t<h2 class=\"elementor-heading-title elementor-size-default\">Venda de baquetes i accessoris musicals<\/h2>\t\t<\/div>\n\t\t\t\t<\/div>\n\t\t\t\t<div class=\"elementor-element elementor-element-1d4578f elementor-widget elementor-widget-text-editor\" data-id=\"1d4578f\" data-element_type=\"widget\" data-widget_type=\"text-editor.default\">\n\t\t\t\t<div class=\"elementor-widget-container\">\n\t\t\t\t\t\t\t<p>La nostra selecci\u00f3 de cordes inclou cordes de guitarra espanyola, el\u00e8ctrica i ac\u00fastica de les marques D&#8217;addario, Ernie Ball i Dean Markley, i cordes soltes de baix de la marca D&#8217;addario.<\/p>\n\t\t\t\t\t\t<\/div>\n\t\t\t\t<\/div>\n\t\t\t\t<div class=\"elementor-element elementor-element-a5f5fb0 elementor-widget elementor-widget-text-editor\" data-id=\"a5f5fb0\" data-element_type=\"widget\" data-widget_type=\"text-editor.default\">\n\t\t\t\t<div class=\"elementor-widget-container\">\n\t\t\t\t\t\t\t<p>A m\u00e9s, oferim una varietat de baquetes 5A, 2A i 7A de les marques Wincent, Vic Firth i Pro-mark.<\/p>\n\t\t\t\t\t\t<\/div>\n\t\t\t\t<\/div>\n\t\t\t\t<div class=\"elementor-element elementor-element-a48a423 elementor-widget elementor-widget-text-editor\" data-id=\"a48a423\" data-element_type=\"widget\" data-widget_type=\"text-editor.default\">\n\t\t\t\t<div class=\"elementor-widget-container\">\n\t\t\t\t\t\t\t<p>A m\u00e9s de les cordes i baquetes, tamb\u00e9 oferim p\u00faes, cables de jack, piles de 9V, corretges de guitarra o baix, pells de bateria i taps per a les o\u00efdes.<\/p>\n\t\t\t\t\t\t<\/div>\n\t\t\t\t<\/div>\n\t\t\t\t\t<\/div>\n\t\t<\/div>\n\t\t\t\t\t<\/div>\n\t\t<\/section>\n\t\t\t\t<section class=\"elementor-section elementor-top-section elementor-element elementor-element-e0e6c0b elementor-section-height-min-height elementor-section-boxed elementor-section-height-default elementor-section-items-middle\" data-id=\"e0e6c0b\" data-element_type=\"section\" data-settings=\"{&quot;jet_parallax_layout_list&quot;:[],&quot;background_background&quot;:&quot;classic&quot;}\">\n\t\t\t\t\t\t<div class=\"elementor-container elementor-column-gap-default\">\n\t\t\t\t\t<div class=\"elementor-column elementor-col-100 elementor-top-column elementor-element elementor-element-1e10fad\" data-id=\"1e10fad\" data-element_type=\"column\">\n\t\t\t<div class=\"elementor-widget-wrap\">\n\t\t\t\t\t\t\t<\/div>\n\t\t<\/div>\n\t\t\t\t\t<\/div>\n\t\t<\/section>\n\t\t\t\t<\/div>\n\t\t","protected":false},"excerpt":{"rendered":"<p>La teva botiga d&#8217;instruments Instruments a Sant Boi de Llobregat Est\u00e0s buscant instruments a Sant Boi de Llobregat A la nostra botiga d&#8217;instruments tenim una \u00e0mplia gamma d&#8217;accessoris b\u00e0sics d&#8217;instruments a preus competitius. Des de la venda de baquetes fins a cordes de guitarra, tenim tot el que necessites per seguir tocant el teu instrument [&hellip;]<\/p>\n","protected":false},"author":1,"featured_media":0,"parent":0,"menu_order":0,"comment_status":"closed","ping_status":"closed","template":"elementor_header_footer","meta":{"footnotes":""},"class_list":["post-845","page","type-page","status-publish","hentry"],"yoast_head":"<!-- This site is optimized with the Yoast SEO plugin v27.3 - https:\/\/yoast.com\/product\/yoast-seo-wordpress\/ -->\n<title>Instruments a Sant Boi de Llobregat | La C\u00e0psula<\/title>\n<meta name=\"description\" content=\"Busques una botiga d&#039;instruments a Sant Boi de Llobregat? Descobreix els nostres accessoris musicals, baquetes i cordes per a guitarra. Visita&#039;ns! Visita&#039;ns\" \/>\n<meta name=\"robots\" content=\"index, follow, max-snippet:-1, max-image-preview:large, max-video-preview:-1\" \/>\n<link rel=\"canonical\" href=\"https:\/\/capsulamusica.com\/ca\/venda-daccessoris\/\" \/>\n<meta property=\"og:locale\" content=\"ca_ES\" \/>\n<meta property=\"og:type\" content=\"article\" \/>\n<meta property=\"og:title\" content=\"Instruments a Sant Boi de Llobregat | La C\u00e0psula\" \/>\n<meta property=\"og:description\" content=\"Busques una botiga d&#039;instruments a Sant Boi de Llobregat? Descobreix els nostres accessoris musicals, baquetes i cordes per a guitarra. Visita&#039;ns! Visita&#039;ns\" \/>\n<meta property=\"og:url\" content=\"https:\/\/capsulamusica.com\/ca\/venda-daccessoris\/\" \/>\n<meta property=\"og:site_name\" content=\"La C\u00e1psula\" \/>\n<meta property=\"article:modified_time\" content=\"2024-03-04T14:06:35+00:00\" \/>\n<meta property=\"og:image\" content=\"https:\/\/capsulamusica.com\/wp-content\/uploads\/2023\/12\/AdobeStock_248901725-400x400.jpeg\" \/>\n<meta name=\"twitter:card\" content=\"summary_large_image\" \/>\n<meta name=\"twitter:label1\" content=\"Temps estimat de lectura\" \/>\n\t<meta name=\"twitter:data1\" content=\"1 minut\" \/>\n<script type=\"application\/ld+json\" class=\"yoast-schema-graph\">{\"@context\":\"https:\\\/\\\/schema.org\",\"@graph\":[{\"@type\":\"WebPage\",\"@id\":\"https:\\\/\\\/capsulamusica.com\\\/ca\\\/venda-daccessoris\\\/\",\"url\":\"https:\\\/\\\/capsulamusica.com\\\/ca\\\/venda-daccessoris\\\/\",\"name\":\"Instruments a Sant Boi de Llobregat | La C\u00e0psula\",\"isPartOf\":{\"@id\":\"https:\\\/\\\/capsulamusica.com\\\/ca\\\/#website\"},\"primaryImageOfPage\":{\"@id\":\"https:\\\/\\\/capsulamusica.com\\\/ca\\\/venda-daccessoris\\\/#primaryimage\"},\"image\":{\"@id\":\"https:\\\/\\\/capsulamusica.com\\\/ca\\\/venda-daccessoris\\\/#primaryimage\"},\"thumbnailUrl\":\"https:\\\/\\\/capsulamusica.com\\\/wp-content\\\/uploads\\\/2023\\\/12\\\/AdobeStock_248901725-400x400.jpeg\",\"datePublished\":\"2023-10-03T13:23:53+00:00\",\"dateModified\":\"2024-03-04T14:06:35+00:00\",\"description\":\"Busques una botiga d'instruments a Sant Boi de Llobregat? Descobreix els nostres accessoris musicals, baquetes i cordes per a guitarra. Visita'ns! Visita'ns\",\"breadcrumb\":{\"@id\":\"https:\\\/\\\/capsulamusica.com\\\/ca\\\/venda-daccessoris\\\/#breadcrumb\"},\"inLanguage\":\"ca\",\"potentialAction\":[{\"@type\":\"ReadAction\",\"target\":[\"https:\\\/\\\/capsulamusica.com\\\/ca\\\/venda-daccessoris\\\/\"]}]},{\"@type\":\"ImageObject\",\"inLanguage\":\"ca\",\"@id\":\"https:\\\/\\\/capsulamusica.com\\\/ca\\\/venda-daccessoris\\\/#primaryimage\",\"url\":\"https:\\\/\\\/capsulamusica.com\\\/wp-content\\\/uploads\\\/2023\\\/12\\\/AdobeStock_248901725-400x400.jpeg\",\"contentUrl\":\"https:\\\/\\\/capsulamusica.com\\\/wp-content\\\/uploads\\\/2023\\\/12\\\/AdobeStock_248901725-400x400.jpeg\"},{\"@type\":\"BreadcrumbList\",\"@id\":\"https:\\\/\\\/capsulamusica.com\\\/ca\\\/venda-daccessoris\\\/#breadcrumb\",\"itemListElement\":[{\"@type\":\"ListItem\",\"position\":1,\"name\":\"Portada\",\"item\":\"https:\\\/\\\/capsulamusica.com\\\/ca\\\/\"},{\"@type\":\"ListItem\",\"position\":2,\"name\":\"Venda d&#8217;accessoris\"}]},{\"@type\":\"WebSite\",\"@id\":\"https:\\\/\\\/capsulamusica.com\\\/ca\\\/#website\",\"url\":\"https:\\\/\\\/capsulamusica.com\\\/ca\\\/\",\"name\":\"La C\u00e1psula\",\"description\":\"La C\u00e1psula en Sant Boi de Llobregat\",\"potentialAction\":[{\"@type\":\"SearchAction\",\"target\":{\"@type\":\"EntryPoint\",\"urlTemplate\":\"https:\\\/\\\/capsulamusica.com\\\/ca\\\/?s={search_term_string}\"},\"query-input\":{\"@type\":\"PropertyValueSpecification\",\"valueRequired\":true,\"valueName\":\"search_term_string\"}}],\"inLanguage\":\"ca\"}]}<\/script>\n<!-- \/ Yoast SEO plugin. -->","yoast_head_json":{"title":"Instruments a Sant Boi de Llobregat | La C\u00e0psula","description":"Busques una botiga d'instruments a Sant Boi de Llobregat? Descobreix els nostres accessoris musicals, baquetes i cordes per a guitarra. Visita'ns! Visita'ns","robots":{"index":"index","follow":"follow","max-snippet":"max-snippet:-1","max-image-preview":"max-image-preview:large","max-video-preview":"max-video-preview:-1"},"canonical":"https:\/\/capsulamusica.com\/ca\/venda-daccessoris\/","og_locale":"ca_ES","og_type":"article","og_title":"Instruments a Sant Boi de Llobregat | La C\u00e0psula","og_description":"Busques una botiga d'instruments a Sant Boi de Llobregat? Descobreix els nostres accessoris musicals, baquetes i cordes per a guitarra. Visita'ns! Visita'ns","og_url":"https:\/\/capsulamusica.com\/ca\/venda-daccessoris\/","og_site_name":"La C\u00e1psula","article_modified_time":"2024-03-04T14:06:35+00:00","og_image":[{"url":"https:\/\/capsulamusica.com\/wp-content\/uploads\/2023\/12\/AdobeStock_248901725-400x400.jpeg","type":"","width":"","height":""}],"twitter_card":"summary_large_image","twitter_misc":{"Temps estimat de lectura":"1 minut"},"schema":{"@context":"https:\/\/schema.org","@graph":[{"@type":"WebPage","@id":"https:\/\/capsulamusica.com\/ca\/venda-daccessoris\/","url":"https:\/\/capsulamusica.com\/ca\/venda-daccessoris\/","name":"Instruments a Sant Boi de Llobregat | La C\u00e0psula","isPartOf":{"@id":"https:\/\/capsulamusica.com\/ca\/#website"},"primaryImageOfPage":{"@id":"https:\/\/capsulamusica.com\/ca\/venda-daccessoris\/#primaryimage"},"image":{"@id":"https:\/\/capsulamusica.com\/ca\/venda-daccessoris\/#primaryimage"},"thumbnailUrl":"https:\/\/capsulamusica.com\/wp-content\/uploads\/2023\/12\/AdobeStock_248901725-400x400.jpeg","datePublished":"2023-10-03T13:23:53+00:00","dateModified":"2024-03-04T14:06:35+00:00","description":"Busques una botiga d'instruments a Sant Boi de Llobregat? Descobreix els nostres accessoris musicals, baquetes i cordes per a guitarra. Visita'ns! Visita'ns","breadcrumb":{"@id":"https:\/\/capsulamusica.com\/ca\/venda-daccessoris\/#breadcrumb"},"inLanguage":"ca","potentialAction":[{"@type":"ReadAction","target":["https:\/\/capsulamusica.com\/ca\/venda-daccessoris\/"]}]},{"@type":"ImageObject","inLanguage":"ca","@id":"https:\/\/capsulamusica.com\/ca\/venda-daccessoris\/#primaryimage","url":"https:\/\/capsulamusica.com\/wp-content\/uploads\/2023\/12\/AdobeStock_248901725-400x400.jpeg","contentUrl":"https:\/\/capsulamusica.com\/wp-content\/uploads\/2023\/12\/AdobeStock_248901725-400x400.jpeg"},{"@type":"BreadcrumbList","@id":"https:\/\/capsulamusica.com\/ca\/venda-daccessoris\/#breadcrumb","itemListElement":[{"@type":"ListItem","position":1,"name":"Portada","item":"https:\/\/capsulamusica.com\/ca\/"},{"@type":"ListItem","position":2,"name":"Venda d&#8217;accessoris"}]},{"@type":"WebSite","@id":"https:\/\/capsulamusica.com\/ca\/#website","url":"https:\/\/capsulamusica.com\/ca\/","name":"La C\u00e1psula","description":"La C\u00e1psula en Sant Boi de Llobregat","potentialAction":[{"@type":"SearchAction","target":{"@type":"EntryPoint","urlTemplate":"https:\/\/capsulamusica.com\/ca\/?s={search_term_string}"},"query-input":{"@type":"PropertyValueSpecification","valueRequired":true,"valueName":"search_term_string"}}],"inLanguage":"ca"}]}},"_links":{"self":[{"href":"https:\/\/capsulamusica.com\/ca\/wp-json\/wp\/v2\/pages\/845","targetHints":{"allow":["GET"]}}],"collection":[{"href":"https:\/\/capsulamusica.com\/ca\/wp-json\/wp\/v2\/pages"}],"about":[{"href":"https:\/\/capsulamusica.com\/ca\/wp-json\/wp\/v2\/types\/page"}],"author":[{"embeddable":true,"href":"https:\/\/capsulamusica.com\/ca\/wp-json\/wp\/v2\/users\/1"}],"replies":[{"embeddable":true,"href":"https:\/\/capsulamusica.com\/ca\/wp-json\/wp\/v2\/comments?post=845"}],"version-history":[{"count":3,"href":"https:\/\/capsulamusica.com\/ca\/wp-json\/wp\/v2\/pages\/845\/revisions"}],"predecessor-version":[{"id":848,"href":"https:\/\/capsulamusica.com\/ca\/wp-json\/wp\/v2\/pages\/845\/revisions\/848"}],"wp:attachment":[{"href":"https:\/\/capsulamusica.com\/ca\/wp-json\/wp\/v2\/media?parent=845"}],"curies":[{"name":"wp","href":"https:\/\/api.w.org\/{rel}","templated":true}]}}