{"id":855,"date":"2022-03-23T23:23:25","date_gmt":"2022-03-23T23:23:25","guid":{"rendered":"https:\/\/capsulamusica.com\/avis-legal\/"},"modified":"2024-03-04T14:52:23","modified_gmt":"2024-03-04T14:52:23","slug":"avis-legal","status":"publish","type":"page","link":"https:\/\/capsulamusica.com\/ca\/avis-legal\/","title":{"rendered":"Av\u00eds Legal"},"content":{"rendered":"\n<p><strong>Identificaci\u00f3 del titular<\/strong><\/p>\n\n<p><strong>Javier Doblas Herenas<\/strong>, amb domicili social situat al <strong>Carrer de Josep Torras i Bages, 9, Local, Sant Boi de Llobregat, 08830<\/strong>, Espanya, amb NIF <strong>47602634V<\/strong>.<\/p>\n\n<p><strong>Condicions d&#8217;\u00fas<\/strong><\/p>\n\n<p>A trav\u00e9s del lloc web es facilita l&#8217;acc\u00e9s al portal web per oferir als usuaris acc\u00e9s general a la informaci\u00f3, activitats, productes i serveis que l&#8217;entitat esmentada ofereix. El fet de connectar-se a aquest lloc web atribueix al navegant la condici\u00f3 d&#8217;Usuari del Lloc, la qual cosa implica l&#8217;acceptaci\u00f3 del present Av\u00eds Legal. Per aix\u00f2, <strong>JAVIER DOBLAS HERENAS<\/strong><strong> <\/strong>recomana a l&#8217;Usuari llegir-lo cada vegada que accedeixi al lloc web. <strong><\/strong><\/p>\n\n<p>L&#8217;Usuari es compromet a no utilitzar cap dels continguts que <strong>JAVIER DOBLAS HERENAS <\/strong> <strong> <\/strong>ponga a su disposici\u00f3n para desarrollar actividades contrarias a las leyes, a la moral o al orden p\u00fablico y, en general, a hacer un uso conforme a las presentes condiciones; y responder\u00e1 frente a <strong>JAVIER DOBLAS HERENAS<\/strong><strong> <\/strong>i\/o davant de tercers, de qualsevol dany o perjudici que pogu\u00e9s causar-se com a consequ\u0308\u00e8ncia de l&#8217;incompliment d&#8217;aquesta obligaci\u00f3. Qui utilitza aquest lloc web, ho fa sota la seva pr\u00f2pia responsabilitat.<strong> JAVIER DOBLAS HERENAS.<\/strong><\/p>\n\n<p><strong>JAVIER DOBLAS HERENAS <\/strong>es reserva el dret a interrompre l&#8217;acc\u00e9s al seu lloc web, als serveis i continguts del portal, de manera temporal o definitiva, quan aix\u00ed ho consideri convenient i sense previ av\u00eds, ja sigui per motius t\u00e8cnics, de seguretat, de control, de manteniment, per fallades de subministrament el\u00e8ctric o per qualsevol altra causa. <strong>JAVIER DOBLAS HERENAS<\/strong><strong> <\/strong>es reserva el dret a alterar, en qualsevol moment i sense previ av\u00eds, la configuraci\u00f3, presentaci\u00f3 o el disseny del seu lloc web, aix\u00ed com alguns o tots els continguts, i modificar les condicions d&#8217;\u00fas exposades en aquest Av\u00eds Legal. <strong><\/strong><\/p>\n\n<p><strong>Pol\u00edtica de privacitat i protecci\u00f3 de dades<\/strong><\/p>\n\n<p>Totes les dades de car\u00e0cter personal que siguin facilitades per l&#8217;Usuari a trav\u00e9s de l&#8217;enviament d&#8217;un correu electr\u00f2nic seran tractades amb estricte confidencialitat d&#8217;acord amb la Llei Org\u00e0nica 15\/1999, de 13 de desembre, de Protecci\u00f3 de Dades de car\u00e0cter personal. De manera expressa, l&#8217;Usuari queda informat que aquestes dades seran incorporades a fitxers existents en <strong>JAVIER DOBLAS HERENAS<\/strong><strong> <\/strong>i que t\u00e9 dret d&#8217;acc\u00e9s, rectificaci\u00f3, cancel\u00b7laci\u00f3 i oposici\u00f3 del mateix, podent exercitar aquests drets enviant per escrit una sol\u00b7licitud a la direcci\u00f3 de <strong>JAVIER DOBLAS HERENAS<\/strong>, en la qual consti el fitxer o fitxers a consultar. Mitjan\u00e7ant l&#8217;enviament d&#8217;un missatge de correu electr\u00f2nic per part de l&#8217;Usuari, el remitent presta el seu consentiment al tractament automatitzat de les dades incloses en el mateix. Les dades que es facilitin seran utilitzades per a fins comercials, sent els destinataris els serveis administratius, comercials i t\u00e8cnics de <strong>JAVIER DOBLAS HERENAS<\/strong><strong> <\/strong>adoptar\u00e0 les mesures necess\u00e0ries per evitar l&#8217;alteraci\u00f3, el tractament, la p\u00e8rdua o l&#8217;acc\u00e9s no autoritzat de les dades de car\u00e0cter personal, tenint en compte l&#8217;estat de la tecnologia, la naturalesa de les dades emmagatzemades i els riscos als quals estan exposats, en pro del compliment de la seva obligaci\u00f3 de secret i del seu deure de guarda dels mateixos.<strong><\/strong><\/p>\n\n<p>Igualment, <strong>JAVIER DOBLAS HERENAS <\/strong>queda autoritzada per enviar a l&#8217;Usuari informacions comercials i t\u00e8cniques dels seus productes. &#8220;En el cas de comunicacions comercials i t\u00e8cniques enviades a trav\u00e9s de correu electr\u00f2nic o mitj\u00e0 equivalent, l&#8217;Usuari ens presta el seu consentiment expr\u00e9s per a l&#8217;enviament de publicitat per aquest mitj\u00e0. <strong><\/strong><\/p>\n\n<p><strong>Responsabilitat<\/strong><\/p>\n\n<p><strong>JAVIER DOBLAS HERENAS <\/strong> No es responsabilitza de la mala utilitzaci\u00f3 que puguin fer els usuaris d&#8217;Internet dels continguts de la p\u00e0gina web, sent l&#8217;usuari l&#8217;\u00fanic responsable de les infraccions en les quals pugui inc\u00f3rrer. De la mateixa manera, rebutja la responsabilitat sobre qualsevol informaci\u00f3 no continguda en aquestes p\u00e0gines web i, per tant, no elaborada per <strong>JAVIER DOBLAS HERENAS <\/strong>o no publicada amb el seu nom. <strong>JAVIER DOBLAS HERENAS <\/strong>no ser\u00e0 responsable en cas d&#8217;interrupcions del servei, retards, errors, mal funcionament del mateix i, en general, altres inconvenients que tinguin el seu origen en causes que escapen del control de <strong>JAVIER DOBLAS HERENAS <\/strong>, i\/o deguda a una actuaci\u00f3 dolosa o culposa de l&#8217;Usuari i\/o tingui per origen causes de for\u00e7a major. Sense perjudici de l&#8217;establert a l&#8217;article 1105 del Codi Civil, s&#8217;entendran per causes de for\u00e7a major, a m\u00e9s, i a efectes de les presents condicions generals, tots aquells esdeveniments ocorreguts fora del control de <strong>JAVIER DOBLAS HERENAS <\/strong> com ara: fallada de tercers, operadors o companyies de serveis, actes del Govern, manca d&#8217;acc\u00e9s a xarxes de tercers, actes o omissions de les autoritats p\u00fabliques, aquells altres produ\u00efts com a consequ\u0308\u00e8ncia de fen\u00f2mens naturals, apagades, etc., i l&#8217;atac de hackers o tercers especialitzats a la seguretat o integritat del sistema inform\u00e0tic, sempre que <strong>JAVIER DOBLAS HERENAS<\/strong> hagi adoptat totes les mesures de seguretat existents d&#8217;acord amb l&#8217;estat de la t\u00e8cnica. En qualsevol cas, sigui quina sigui la seva causa, <strong>JAVIER DOBLAS HERENAS <\/strong>no assumir\u00e0 cap responsabilitat ja sigui per danys directes o indirectes, dany emergent i\/o per p\u00e8rdua de guanys. <strong>JAVIER DOBLAS HERENAS <\/strong>tindr\u00e0 dret, sense que existeixi cap indemnitzaci\u00f3 a l&#8217;Usuari per aquests conceptes, a suspendre temporalment els serveis i continguts del lloc web per efectuar operacions de manteniment, millora o reparaci\u00f3 dels mateixos. <strong><\/strong><\/p>\n\n<p><strong>JAVIER DOBLAS HERENAS<\/strong> No ser\u00e0 responsable de possibles danys i perjudicis que es puguin derivar en els equips dels Usuaris per possibles virus inform\u00e0tics contraiguts per l&#8217;Usuari a causa de la seva navegaci\u00f3 en el lloc web, o per qualsevol altre dany derivat d&#8217;aquesta navegaci\u00f3.<\/p>\n\n<p><strong>JAVIER DOBLAS HERENAS<\/strong> No es fa responsable de la veracitat, manca d&#8217;utilitat o adequaci\u00f3 per a un \u00fas espec\u00edfic del present lloc web ni dels continguts; de la p\u00e8rdua de dades o serveis com a consequ\u0308\u00e8ncia de qualsevol retard, manca d&#8217;entrega, entrega incorrecta dels productes exposats o interrupci\u00f3 del servei; de l&#8217;exactitud, qualitat o naturalesa de la informaci\u00f3 obtinguda a trav\u00e9s dels seus continguts.<\/p>\n\n<p>En tot cas, la informaci\u00f3 proporcionada en aquest lloc web est\u00e0 dirigida a complementar i no a substituir el assessorament que en tot cas s&#8217;ha d&#8217;obtenir directament de professionals competents.<\/p>\n\n<p><strong>Jurisdicci\u00f3 i Llei aplicable.<\/strong><\/p>\n\n<p>Per a qualsevol controv\u00e8rsia relacionada amb el present av\u00eds legal, les parts accepten el sotmetiment expr\u00e9s als jutjats del domicili fiscal de <strong>JAVIER DOBLAS HERENAS<\/strong><strong> (Espanya) i la legislaci\u00f3 estatal i auton\u00f2mica corresponent.<\/strong><strong><\/strong><\/p>\n","protected":false},"excerpt":{"rendered":"<p>Identificaci\u00f3 del titular Javier Doblas Herenas, amb domicili social situat al Carrer de Josep Torras i Bages, 9, Local, Sant Boi de Llobregat, 08830, Espanya, amb NIF 47602634V. Condicions d&#8217;\u00fas A trav\u00e9s del lloc web es facilita l&#8217;acc\u00e9s al portal web per oferir als usuaris acc\u00e9s general a la informaci\u00f3, activitats, productes i serveis que [&hellip;]<\/p>\n","protected":false},"author":1,"featured_media":0,"parent":0,"menu_order":0,"comment_status":"closed","ping_status":"closed","template":"","meta":{"footnotes":""},"class_list":["post-855","page","type-page","status-publish","hentry"],"yoast_head":"<!-- This site is optimized with the Yoast SEO plugin v27.3 - https:\/\/yoast.com\/product\/yoast-seo-wordpress\/ -->\n<title>Av\u00eds Legal - La C\u00e1psula<\/title>\n<meta name=\"robots\" content=\"index, follow, max-snippet:-1, max-image-preview:large, max-video-preview:-1\" \/>\n<link rel=\"canonical\" href=\"https:\/\/capsulamusica.com\/ca\/avis-legal\/\" \/>\n<meta property=\"og:locale\" content=\"ca_ES\" \/>\n<meta property=\"og:type\" content=\"article\" \/>\n<meta property=\"og:title\" content=\"Av\u00eds Legal - La C\u00e1psula\" \/>\n<meta property=\"og:description\" content=\"Identificaci\u00f3 del titular Javier Doblas Herenas, amb domicili social situat al Carrer de Josep Torras i Bages, 9, Local, Sant Boi de Llobregat, 08830, Espanya, amb NIF 47602634V. Condicions d&#8217;\u00fas A trav\u00e9s del lloc web es facilita l&#8217;acc\u00e9s al portal web per oferir als usuaris acc\u00e9s general a la informaci\u00f3, activitats, productes i serveis que [&hellip;]\" \/>\n<meta property=\"og:url\" content=\"https:\/\/capsulamusica.com\/ca\/avis-legal\/\" \/>\n<meta property=\"og:site_name\" content=\"La C\u00e1psula\" \/>\n<meta property=\"article:modified_time\" content=\"2024-03-04T14:52:23+00:00\" \/>\n<meta name=\"twitter:card\" content=\"summary_large_image\" \/>\n<meta name=\"twitter:label1\" content=\"Temps estimat de lectura\" \/>\n\t<meta name=\"twitter:data1\" content=\"5 minuts\" \/>\n<script type=\"application\/ld+json\" class=\"yoast-schema-graph\">{\"@context\":\"https:\\\/\\\/schema.org\",\"@graph\":[{\"@type\":\"WebPage\",\"@id\":\"https:\\\/\\\/capsulamusica.com\\\/ca\\\/avis-legal\\\/\",\"url\":\"https:\\\/\\\/capsulamusica.com\\\/ca\\\/avis-legal\\\/\",\"name\":\"Av\u00eds Legal - La C\u00e1psula\",\"isPartOf\":{\"@id\":\"https:\\\/\\\/capsulamusica.com\\\/ca\\\/#website\"},\"datePublished\":\"2022-03-23T23:23:25+00:00\",\"dateModified\":\"2024-03-04T14:52:23+00:00\",\"breadcrumb\":{\"@id\":\"https:\\\/\\\/capsulamusica.com\\\/ca\\\/avis-legal\\\/#breadcrumb\"},\"inLanguage\":\"ca\",\"potentialAction\":[{\"@type\":\"ReadAction\",\"target\":[\"https:\\\/\\\/capsulamusica.com\\\/ca\\\/avis-legal\\\/\"]}]},{\"@type\":\"BreadcrumbList\",\"@id\":\"https:\\\/\\\/capsulamusica.com\\\/ca\\\/avis-legal\\\/#breadcrumb\",\"itemListElement\":[{\"@type\":\"ListItem\",\"position\":1,\"name\":\"Portada\",\"item\":\"https:\\\/\\\/capsulamusica.com\\\/ca\\\/\"},{\"@type\":\"ListItem\",\"position\":2,\"name\":\"Av\u00eds Legal\"}]},{\"@type\":\"WebSite\",\"@id\":\"https:\\\/\\\/capsulamusica.com\\\/ca\\\/#website\",\"url\":\"https:\\\/\\\/capsulamusica.com\\\/ca\\\/\",\"name\":\"La C\u00e1psula\",\"description\":\"La C\u00e1psula en Sant Boi de Llobregat\",\"potentialAction\":[{\"@type\":\"SearchAction\",\"target\":{\"@type\":\"EntryPoint\",\"urlTemplate\":\"https:\\\/\\\/capsulamusica.com\\\/ca\\\/?s={search_term_string}\"},\"query-input\":{\"@type\":\"PropertyValueSpecification\",\"valueRequired\":true,\"valueName\":\"search_term_string\"}}],\"inLanguage\":\"ca\"}]}<\/script>\n<!-- \/ Yoast SEO plugin. -->","yoast_head_json":{"title":"Av\u00eds Legal - La C\u00e1psula","robots":{"index":"index","follow":"follow","max-snippet":"max-snippet:-1","max-image-preview":"max-image-preview:large","max-video-preview":"max-video-preview:-1"},"canonical":"https:\/\/capsulamusica.com\/ca\/avis-legal\/","og_locale":"ca_ES","og_type":"article","og_title":"Av\u00eds Legal - La C\u00e1psula","og_description":"Identificaci\u00f3 del titular Javier Doblas Herenas, amb domicili social situat al Carrer de Josep Torras i Bages, 9, Local, Sant Boi de Llobregat, 08830, Espanya, amb NIF 47602634V. Condicions d&#8217;\u00fas A trav\u00e9s del lloc web es facilita l&#8217;acc\u00e9s al portal web per oferir als usuaris acc\u00e9s general a la informaci\u00f3, activitats, productes i serveis que [&hellip;]","og_url":"https:\/\/capsulamusica.com\/ca\/avis-legal\/","og_site_name":"La C\u00e1psula","article_modified_time":"2024-03-04T14:52:23+00:00","twitter_card":"summary_large_image","twitter_misc":{"Temps estimat de lectura":"5 minuts"},"schema":{"@context":"https:\/\/schema.org","@graph":[{"@type":"WebPage","@id":"https:\/\/capsulamusica.com\/ca\/avis-legal\/","url":"https:\/\/capsulamusica.com\/ca\/avis-legal\/","name":"Av\u00eds Legal - La C\u00e1psula","isPartOf":{"@id":"https:\/\/capsulamusica.com\/ca\/#website"},"datePublished":"2022-03-23T23:23:25+00:00","dateModified":"2024-03-04T14:52:23+00:00","breadcrumb":{"@id":"https:\/\/capsulamusica.com\/ca\/avis-legal\/#breadcrumb"},"inLanguage":"ca","potentialAction":[{"@type":"ReadAction","target":["https:\/\/capsulamusica.com\/ca\/avis-legal\/"]}]},{"@type":"BreadcrumbList","@id":"https:\/\/capsulamusica.com\/ca\/avis-legal\/#breadcrumb","itemListElement":[{"@type":"ListItem","position":1,"name":"Portada","item":"https:\/\/capsulamusica.com\/ca\/"},{"@type":"ListItem","position":2,"name":"Av\u00eds Legal"}]},{"@type":"WebSite","@id":"https:\/\/capsulamusica.com\/ca\/#website","url":"https:\/\/capsulamusica.com\/ca\/","name":"La C\u00e1psula","description":"La C\u00e1psula en Sant Boi de Llobregat","potentialAction":[{"@type":"SearchAction","target":{"@type":"EntryPoint","urlTemplate":"https:\/\/capsulamusica.com\/ca\/?s={search_term_string}"},"query-input":{"@type":"PropertyValueSpecification","valueRequired":true,"valueName":"search_term_string"}}],"inLanguage":"ca"}]}},"_links":{"self":[{"href":"https:\/\/capsulamusica.com\/ca\/wp-json\/wp\/v2\/pages\/855","targetHints":{"allow":["GET"]}}],"collection":[{"href":"https:\/\/capsulamusica.com\/ca\/wp-json\/wp\/v2\/pages"}],"about":[{"href":"https:\/\/capsulamusica.com\/ca\/wp-json\/wp\/v2\/types\/page"}],"author":[{"embeddable":true,"href":"https:\/\/capsulamusica.com\/ca\/wp-json\/wp\/v2\/users\/1"}],"replies":[{"embeddable":true,"href":"https:\/\/capsulamusica.com\/ca\/wp-json\/wp\/v2\/comments?post=855"}],"version-history":[{"count":3,"href":"https:\/\/capsulamusica.com\/ca\/wp-json\/wp\/v2\/pages\/855\/revisions"}],"predecessor-version":[{"id":858,"href":"https:\/\/capsulamusica.com\/ca\/wp-json\/wp\/v2\/pages\/855\/revisions\/858"}],"wp:attachment":[{"href":"https:\/\/capsulamusica.com\/ca\/wp-json\/wp\/v2\/media?parent=855"}],"curies":[{"name":"wp","href":"https:\/\/api.w.org\/{rel}","templated":true}]}}