{"id":860,"date":"2022-03-23T16:00:37","date_gmt":"2022-03-23T16:00:37","guid":{"rendered":"https:\/\/capsulamusica.com\/politica-de-privadesa\/"},"modified":"2024-03-07T11:23:46","modified_gmt":"2024-03-07T11:23:46","slug":"politica-de-privadesa","status":"publish","type":"page","link":"https:\/\/capsulamusica.com\/ca\/politica-de-privadesa\/","title":{"rendered":"Pol\u00edtica de privadesa"},"content":{"rendered":"\n<p>Art.1 Normes de confidencialitat <br\/>El Reglament General de Protecci\u00f3 de Dades del 27 d&#8217;abril de 2016 (conegut com a RGPD o GDPR, que significa Reglament General de Protecci\u00f3 de Dades) s&#8217;aplica des del 25 de maig de 2018. Imposa regles i condicions estrictes per a les empreses, dins de l&#8217;\u00e0mbit del processament de dades personals dels seus clients i clients potencials, amb la finalitat de protegir la seva privacitat. <\/p>\n\n<p>Per aquest motiu, pretenem proporcionar-li informaci\u00f3 clara i precisa sobre el tractament de les seves dades personals. <\/p>\n\n<p>Art.2 El responsable del tractament <br\/>El responsable del tractament de les seves dades personals \u00e9s la persona a c\u00e0rrec del lloc web que va utilitzar i a qui va comunicar les dades. <\/p>\n\n<p>Art.3 Base legal del tractament de dades i de la seva utilitzaci\u00f3 <br\/>Nom\u00e9s podem utilitzar les seves dades personals per a fins leg\u00edtims i necessaris (Article 6 del RGPD): Aix\u00f2 significa, en la pr\u00e0ctica, que processem les seves dades personals, ja sigui en format electr\u00f2nic o no, per a fins leg\u00edtims en el context de la relaci\u00f3 contractual, comercial i de seguretat. Aquests prop\u00f2sits inclouen, entre d&#8217;altres, els seg\u00fcents:<\/p>\n\n<p>Comunicaci\u00f3 d&#8217;informaci\u00f3, ofertes i propostes;<br\/>Comunicacions en relaci\u00f3 amb l&#8217;execuci\u00f3 d&#8217;un contracte;<\/p>\n\n<p>Art.4 Qu\u00e8 representa un dada personal <br\/>Les dades personals inclouen tota la informaci\u00f3 que el concerneix i sobre la base de la qual pot ser identificat. Les dades an\u00f2nimes, que no el identifiquen, no es consideren dades personals. Les seves dades personals poden, per tant, incloure:<\/p>\n\n<p>Dades relacionades amb la seva identitat (cognom, nom, adre\u00e7a, NIF, etc.);<br\/>Dades relacionades amb la seva persona (n\u00famero de tel\u00e8fon, correu electr\u00f2nic personal, etc.);<br\/>Dades financeres (n\u00famero de compte bancari, detalls de facturaci\u00f3, etc);<br\/>Dades relacionades amb l&#8217;execuci\u00f3 del contracte celebrat amb nosaltres (objecte del contracte, adre\u00e7a de facturaci\u00f3, dades professionals, etc);<br\/>Dades relacionades amb l&#8217;\u00fas d&#8217;equips electr\u00f2nics, com ara ordinadors (contrasenya, dades d&#8217;inici de sessi\u00f3, dades d&#8217;identificaci\u00f3 electr\u00f2nica, detalls de facturaci\u00f3, etc);<\/p>\n\n<p>Dades de car\u00e0cter sensible: <br\/>El tractament de dades personals que revelen origen racial o \u00e8tnic, opinions pol\u00edtiques, creences religioses o filos\u00f2fiques, aix\u00ed com el tractament de dades gen\u00e8tiques, dades biom\u00e8triques amb la finalitat d&#8217;identificar de forma \u00fanica una persona f\u00edsica, dades sobre la vida sexual o orientaci\u00f3 sexual d&#8217;una persona f\u00edsica estan prohibits. Estem compromesos a complir estrictament amb aquesta prohibici\u00f3. <\/p>\n\n<p>Com utilitzem la seva informaci\u00f3?<br\/>Amb qui compartim la seva informaci\u00f3?<\/p>\n\n<p>Art.5 Fuente y origen de los datos a car\u00e1cter personal&#8221; \u00e9s &#8220;Font i origen de les dades de car\u00e0cter personal <br\/>Normalmente, los datos que tenemos provienen de usted&#8221; \u00e9s &#8220;Normalment, les dades que tenim provenen de vost\u00e8. <br\/>Si no t\u00e9 la intenci\u00f3 de proporcionar la informaci\u00f3 requerida o necess\u00e0ria, pot perdre el benefici de certes avantatges i\/o podem decidir finalitzar els serveis que tenim amb vost\u00e8 <\/p>\n\n<p>Art.6 L&#8217;acc\u00e9s a les dades de car\u00e0cter personal. <br\/>Les seves dades s\u00f3n principalment per a \u00fas intern. Per certs motius leg\u00edtims, les seves dades personals poden ser divulgades o fins i tot processades per tercers. No obstant aix\u00f2, assegurarem el compliment de les normes GDPR per part dels nostres subcontractistes. El processament de dades per part d&#8217;aquests \u00faltims es regeix per un marc legal estricte. <\/p>\n\n<p>Art.7 Durada de conservaci\u00f3 de les dades. <br\/>Posem els mitjans necessaris per garantir que la retenci\u00f3 de dades personals per als fins descrits anteriorment no excedeixi els per\u00edodes legals. <\/p>\n\n<p>Art.8 Els seus drets s\u00f3n&#8230; <br\/>Ens comprometem a prendre les mesures t\u00e8cniques i organitzatives adequades per garantir la seguretat del processament de les dades personals de cadasc\u00fa (Article 32 del GDPR).<\/p>\n\n<p>Dret d&#8217;acc\u00e9s (Article 15 del GDPR)<\/p>\n\n<p>Atorguem a tothom el dret d&#8217;accedir als seus propis dades personals i el dret d&#8217;obtenir o fer una c\u00f2pia raonable d&#8217;aquestes.<\/p>\n\n<p>Dret de rectificaci\u00f3 (Article 16 del GDPR)<\/p>\n\n<p>Reconeixem la possibilitat de sol\u00b7licitar la rectificaci\u00f3 de les dades err\u00f2nies.<\/p>\n\n<p>Dret a ser oblidat (Article 17 del GDPR) i Dret a la limitaci\u00f3 del tractament (Article 18 del GDPR)<\/p>\n\n<p>Ens comprometem a concedir-li l&#8217;eliminaci\u00f3 de les seves dades personals, particularment en els seg\u00fcents casos:<\/p>\n\n<p>Dades que ja no s\u00f3n necess\u00e0ries per als fins pels quals van ser recopilades o processades.<br\/>Vost\u00e8 es oposa al tractament.<br\/>Les dades personals han estat subjectes a processament il\u00b7legal.<br\/>Dret a presentar una reclamaci\u00f3 (Article 77 del GDPR)<\/p>\n\n<p>El client t\u00e9 dret a presentar una reclamaci\u00f3 davant l&#8217;Ag\u00e8ncia Espanyola de Protecci\u00f3 de Dades, en qualsevol moment, si considera que el tractament de les seves dades personals constitueix una violaci\u00f3 del GDPR. <\/p>\n\n<p>Art.9. Nostre comprom\u00eds <br\/>El nostre objectiu \u00e9s implementar processos de seguretat per protegir les dades emmagatzemades contra l&#8217;acc\u00e9s no autoritzat, l&#8217;\u00fas indegut, la manipulaci\u00f3, la destrucci\u00f3 il\u00b7legal o accidental i la p\u00e8rdua accidental. <\/p>\n\n<p>Art.10. Procediment en cas de violaci\u00f3. <br\/>Sempre hi ha la possibilitat que les dades personals processades en el context de la relaci\u00f3 contractual caiguin en mans equivocades com a resultat d&#8217;errors humans, errors inform\u00e0tics, etc. <br\/>Quan la violaci\u00f3 suposi un alt risc per als drets i llibertats de les persones, els informarem immediatament sobre els fets i les mesures considerades. Ens assegurarem que es notifiqui a l&#8217;Ag\u00e8ncia Espanyola de Protecci\u00f3 de Dades dins de les 72 hores posteriors a la notificaci\u00f3 de la violaci\u00f3 en q\u00fcesti\u00f3, llevat que la violaci\u00f3 no suposi un alt risc pels drets i llibertats de les persones. (Art\u00edculo 32-34 del GDPR). <\/p>\n\n<p>La seva acceptaci\u00f3: <\/p>\n\n<p>Art. 11. Consentiment <br\/>Usted da su consentimiento expreso e inequ\u00edvoco para el procesamiento de datos personales seg\u00fan se describe en esta Pol\u00edtica de Privacidad. T\u00e9 dret a retirar el seu consentiment en qualsevol moment pr\u00e8via sol\u00b7licitud per escrit. Ens reservem el dret de modificar aquesta Pol\u00edtica de Privacitat.<\/p>\n","protected":false},"excerpt":{"rendered":"<p>Art.1 Normes de confidencialitat El Reglament General de Protecci\u00f3 de Dades del 27 d&#8217;abril de 2016 (conegut com a RGPD o GDPR, que significa Reglament General de Protecci\u00f3 de Dades) s&#8217;aplica des del 25 de maig de 2018. Imposa regles i condicions estrictes per a les empreses, dins de l&#8217;\u00e0mbit del processament de dades personals [&hellip;]<\/p>\n","protected":false},"author":1,"featured_media":0,"parent":0,"menu_order":0,"comment_status":"closed","ping_status":"closed","template":"","meta":{"footnotes":""},"class_list":["post-860","page","type-page","status-publish","hentry"],"yoast_head":"<!-- This site is optimized with the Yoast SEO plugin v27.3 - https:\/\/yoast.com\/product\/yoast-seo-wordpress\/ -->\n<title>Pol\u00edtica de privadesa - La C\u00e1psula<\/title>\n<meta name=\"robots\" content=\"index, follow, max-snippet:-1, max-image-preview:large, max-video-preview:-1\" \/>\n<link rel=\"canonical\" href=\"https:\/\/capsulamusica.com\/ca\/politica-de-privadesa\/\" \/>\n<meta property=\"og:locale\" content=\"ca_ES\" \/>\n<meta property=\"og:type\" content=\"article\" \/>\n<meta property=\"og:title\" content=\"Pol\u00edtica de privadesa - La C\u00e1psula\" \/>\n<meta property=\"og:description\" content=\"Art.1 Normes de confidencialitat El Reglament General de Protecci\u00f3 de Dades del 27 d&#8217;abril de 2016 (conegut com a RGPD o GDPR, que significa Reglament General de Protecci\u00f3 de Dades) s&#8217;aplica des del 25 de maig de 2018. Imposa regles i condicions estrictes per a les empreses, dins de l&#8217;\u00e0mbit del processament de dades personals [&hellip;]\" \/>\n<meta property=\"og:url\" content=\"https:\/\/capsulamusica.com\/ca\/politica-de-privadesa\/\" \/>\n<meta property=\"og:site_name\" content=\"La C\u00e1psula\" \/>\n<meta property=\"article:modified_time\" content=\"2024-03-07T11:23:46+00:00\" \/>\n<meta name=\"twitter:card\" content=\"summary_large_image\" \/>\n<meta name=\"twitter:label1\" content=\"Temps estimat de lectura\" \/>\n\t<meta name=\"twitter:data1\" content=\"5 minuts\" \/>\n<script type=\"application\/ld+json\" class=\"yoast-schema-graph\">{\"@context\":\"https:\\\/\\\/schema.org\",\"@graph\":[{\"@type\":\"WebPage\",\"@id\":\"https:\\\/\\\/capsulamusica.com\\\/ca\\\/politica-de-privadesa\\\/\",\"url\":\"https:\\\/\\\/capsulamusica.com\\\/ca\\\/politica-de-privadesa\\\/\",\"name\":\"Pol\u00edtica de privadesa - La C\u00e1psula\",\"isPartOf\":{\"@id\":\"https:\\\/\\\/capsulamusica.com\\\/ca\\\/#website\"},\"datePublished\":\"2022-03-23T16:00:37+00:00\",\"dateModified\":\"2024-03-07T11:23:46+00:00\",\"breadcrumb\":{\"@id\":\"https:\\\/\\\/capsulamusica.com\\\/ca\\\/politica-de-privadesa\\\/#breadcrumb\"},\"inLanguage\":\"ca\",\"potentialAction\":[{\"@type\":\"ReadAction\",\"target\":[\"https:\\\/\\\/capsulamusica.com\\\/ca\\\/politica-de-privadesa\\\/\"]}]},{\"@type\":\"BreadcrumbList\",\"@id\":\"https:\\\/\\\/capsulamusica.com\\\/ca\\\/politica-de-privadesa\\\/#breadcrumb\",\"itemListElement\":[{\"@type\":\"ListItem\",\"position\":1,\"name\":\"Portada\",\"item\":\"https:\\\/\\\/capsulamusica.com\\\/ca\\\/\"},{\"@type\":\"ListItem\",\"position\":2,\"name\":\"Pol\u00edtica de privadesa\"}]},{\"@type\":\"WebSite\",\"@id\":\"https:\\\/\\\/capsulamusica.com\\\/ca\\\/#website\",\"url\":\"https:\\\/\\\/capsulamusica.com\\\/ca\\\/\",\"name\":\"La C\u00e1psula\",\"description\":\"La C\u00e1psula en Sant Boi de Llobregat\",\"potentialAction\":[{\"@type\":\"SearchAction\",\"target\":{\"@type\":\"EntryPoint\",\"urlTemplate\":\"https:\\\/\\\/capsulamusica.com\\\/ca\\\/?s={search_term_string}\"},\"query-input\":{\"@type\":\"PropertyValueSpecification\",\"valueRequired\":true,\"valueName\":\"search_term_string\"}}],\"inLanguage\":\"ca\"}]}<\/script>\n<!-- \/ Yoast SEO plugin. -->","yoast_head_json":{"title":"Pol\u00edtica de privadesa - La C\u00e1psula","robots":{"index":"index","follow":"follow","max-snippet":"max-snippet:-1","max-image-preview":"max-image-preview:large","max-video-preview":"max-video-preview:-1"},"canonical":"https:\/\/capsulamusica.com\/ca\/politica-de-privadesa\/","og_locale":"ca_ES","og_type":"article","og_title":"Pol\u00edtica de privadesa - La C\u00e1psula","og_description":"Art.1 Normes de confidencialitat El Reglament General de Protecci\u00f3 de Dades del 27 d&#8217;abril de 2016 (conegut com a RGPD o GDPR, que significa Reglament General de Protecci\u00f3 de Dades) s&#8217;aplica des del 25 de maig de 2018. Imposa regles i condicions estrictes per a les empreses, dins de l&#8217;\u00e0mbit del processament de dades personals [&hellip;]","og_url":"https:\/\/capsulamusica.com\/ca\/politica-de-privadesa\/","og_site_name":"La C\u00e1psula","article_modified_time":"2024-03-07T11:23:46+00:00","twitter_card":"summary_large_image","twitter_misc":{"Temps estimat de lectura":"5 minuts"},"schema":{"@context":"https:\/\/schema.org","@graph":[{"@type":"WebPage","@id":"https:\/\/capsulamusica.com\/ca\/politica-de-privadesa\/","url":"https:\/\/capsulamusica.com\/ca\/politica-de-privadesa\/","name":"Pol\u00edtica de privadesa - La C\u00e1psula","isPartOf":{"@id":"https:\/\/capsulamusica.com\/ca\/#website"},"datePublished":"2022-03-23T16:00:37+00:00","dateModified":"2024-03-07T11:23:46+00:00","breadcrumb":{"@id":"https:\/\/capsulamusica.com\/ca\/politica-de-privadesa\/#breadcrumb"},"inLanguage":"ca","potentialAction":[{"@type":"ReadAction","target":["https:\/\/capsulamusica.com\/ca\/politica-de-privadesa\/"]}]},{"@type":"BreadcrumbList","@id":"https:\/\/capsulamusica.com\/ca\/politica-de-privadesa\/#breadcrumb","itemListElement":[{"@type":"ListItem","position":1,"name":"Portada","item":"https:\/\/capsulamusica.com\/ca\/"},{"@type":"ListItem","position":2,"name":"Pol\u00edtica de privadesa"}]},{"@type":"WebSite","@id":"https:\/\/capsulamusica.com\/ca\/#website","url":"https:\/\/capsulamusica.com\/ca\/","name":"La C\u00e1psula","description":"La C\u00e1psula en Sant Boi de Llobregat","potentialAction":[{"@type":"SearchAction","target":{"@type":"EntryPoint","urlTemplate":"https:\/\/capsulamusica.com\/ca\/?s={search_term_string}"},"query-input":{"@type":"PropertyValueSpecification","valueRequired":true,"valueName":"search_term_string"}}],"inLanguage":"ca"}]}},"_links":{"self":[{"href":"https:\/\/capsulamusica.com\/ca\/wp-json\/wp\/v2\/pages\/860","targetHints":{"allow":["GET"]}}],"collection":[{"href":"https:\/\/capsulamusica.com\/ca\/wp-json\/wp\/v2\/pages"}],"about":[{"href":"https:\/\/capsulamusica.com\/ca\/wp-json\/wp\/v2\/types\/page"}],"author":[{"embeddable":true,"href":"https:\/\/capsulamusica.com\/ca\/wp-json\/wp\/v2\/users\/1"}],"replies":[{"embeddable":true,"href":"https:\/\/capsulamusica.com\/ca\/wp-json\/wp\/v2\/comments?post=860"}],"version-history":[{"count":3,"href":"https:\/\/capsulamusica.com\/ca\/wp-json\/wp\/v2\/pages\/860\/revisions"}],"predecessor-version":[{"id":863,"href":"https:\/\/capsulamusica.com\/ca\/wp-json\/wp\/v2\/pages\/860\/revisions\/863"}],"wp:attachment":[{"href":"https:\/\/capsulamusica.com\/ca\/wp-json\/wp\/v2\/media?parent=860"}],"curies":[{"name":"wp","href":"https:\/\/api.w.org\/{rel}","templated":true}]}}